{"id":11040,"date":"2020-07-06T21:28:14","date_gmt":"2020-07-06T19:28:14","guid":{"rendered":"https:\/\/corporate.misterspex.com\/?page_id=11040"},"modified":"2025-10-17T16:12:58","modified_gmt":"2025-10-17T14:12:58","slug":"karriere","status":"publish","type":"page","link":"https:\/\/corporate.misterspex.com\/de\/karriere\/","title":{"rendered":"Karriere"},"content":{"rendered":"<h2>Wir helfen unseren Mitarbeitenden, zu sehen und gesehen zu werden.<\/h2>\n<p>Diese Vision ist weit mehr als ein Satz \u2013 sie ist das Herzst\u00fcck unserer Unternehmenskultur. Bei Mister Spex schaffen wir ein Arbeitsumfeld, das gepr\u00e4gt ist von gegenseitigem Vertrauen, echter Wertsch\u00e4tzung und einem tief verwurzelten Willen, gemeinsam zu wachsen.<\/p>\n<p>Hier findest du nicht nur einen Job, sondern die M\u00f6glichkeit, wirklich etwas zu bewirken. Von Anfang an begleiten wir dich mit einem strukturierten Onboarding, fairer und transparenter Verg\u00fctung sowie gezielten Entwicklungsperspektiven, die dich pers\u00f6nlich wie beruflich weiterbringen.<\/p>\n","protected":false},"excerpt":{"rendered":"<p>Wir helfen unseren Mitarbeitenden, zu sehen und gesehen zu werden. Diese Vision ist weit mehr als ein Satz \u2013 sie ist das Herzst\u00fcck unserer Unternehmenskultur. Bei Mister Spex schaffen wir ein Arbeitsumfeld, das gepr\u00e4gt ist von gegenseitigem Vertrauen, echter Wertsch\u00e4tzung und einem tief verwurzelten Willen, gemeinsam zu wachsen. Hier findest du nicht nur einen Job, [&hellip;]<\/p>\n","protected":false},"author":1,"featured_media":31791,"parent":0,"menu_order":58,"comment_status":"closed","ping_status":"closed","template":"page-karriere.php","meta":{"_acf_changed":false,"footnotes":""},"class_list":["post-11040","page","type-page","status-publish","has-post-thumbnail","hentry"],"acf":[],"yoast_head":"<!-- This site is optimized with the Yoast SEO plugin v27.3 - https:\/\/yoast.com\/product\/yoast-seo-wordpress\/ -->\n<title>Karriere - Mister Spex Corporate Website<\/title>\n<meta name=\"description\" content=\"Mit unserer konsequenten Digitalisierungsstrategie haben wir eine ganze Branche ma\u00dfgeblich ver\u00e4ndert und eine neue Art des Brillenkaufs etabliert. #teamspex\" \/>\n<meta name=\"robots\" content=\"index, follow, max-snippet:-1, max-image-preview:large, max-video-preview:-1\" \/>\n<link rel=\"canonical\" href=\"https:\/\/corporate.misterspex.com\/de\/karriere\/\" \/>\n<meta property=\"og:locale\" content=\"de_DE\" \/>\n<meta property=\"og:type\" content=\"article\" \/>\n<meta property=\"og:title\" content=\"Karriere - Mister Spex Corporate Website\" \/>\n<meta property=\"og:description\" content=\"Mit unserer konsequenten Digitalisierungsstrategie haben wir eine ganze Branche ma\u00dfgeblich ver\u00e4ndert und eine neue Art des Brillenkaufs etabliert. #teamspex\" \/>\n<meta property=\"og:url\" content=\"https:\/\/corporate.misterspex.com\/de\/karriere\/\" \/>\n<meta property=\"og:site_name\" content=\"Mister Spex Corporate Website\" \/>\n<meta property=\"article:modified_time\" content=\"2025-10-17T14:12:58+00:00\" \/>\n<meta property=\"og:image\" content=\"https:\/\/corporate.misterspex.com\/wp-content\/uploads\/2025\/09\/karriereseite-header-2560x1052px-2.jpg\" \/>\n\t<meta property=\"og:image:width\" content=\"2560\" \/>\n\t<meta property=\"og:image:height\" content=\"1052\" \/>\n\t<meta property=\"og:image:type\" content=\"image\/jpeg\" \/>\n<meta name=\"twitter:card\" content=\"summary_large_image\" \/>\n<meta name=\"twitter:label1\" content=\"Gesch\u00e4tzte Lesezeit\" \/>\n\t<meta name=\"twitter:data1\" content=\"1\u00a0Minute\" \/>\n<script type=\"application\/ld+json\" class=\"yoast-schema-graph\">{\"@context\":\"https:\\\/\\\/schema.org\",\"@graph\":[{\"@type\":\"WebPage\",\"@id\":\"https:\\\/\\\/corporate.misterspex.com\\\/de\\\/karriere\\\/\",\"url\":\"https:\\\/\\\/corporate.misterspex.com\\\/de\\\/karriere\\\/\",\"name\":\"Karriere - Mister Spex Corporate Website\",\"isPartOf\":{\"@id\":\"https:\\\/\\\/corporate.misterspex.com\\\/de\\\/#website\"},\"primaryImageOfPage\":{\"@id\":\"https:\\\/\\\/corporate.misterspex.com\\\/de\\\/karriere\\\/#primaryimage\"},\"image\":{\"@id\":\"https:\\\/\\\/corporate.misterspex.com\\\/de\\\/karriere\\\/#primaryimage\"},\"thumbnailUrl\":\"https:\\\/\\\/corporate.misterspex.com\\\/wp-content\\\/uploads\\\/2025\\\/09\\\/karriereseite-header-2560x1052px-2.jpg\",\"datePublished\":\"2020-07-06T19:28:14+00:00\",\"dateModified\":\"2025-10-17T14:12:58+00:00\",\"description\":\"Mit unserer konsequenten Digitalisierungsstrategie haben wir eine ganze Branche ma\u00dfgeblich ver\u00e4ndert und eine neue Art des Brillenkaufs etabliert. #teamspex\",\"breadcrumb\":{\"@id\":\"https:\\\/\\\/corporate.misterspex.com\\\/de\\\/karriere\\\/#breadcrumb\"},\"inLanguage\":\"de\",\"potentialAction\":[{\"@type\":\"ReadAction\",\"target\":[\"https:\\\/\\\/corporate.misterspex.com\\\/de\\\/karriere\\\/\"]}]},{\"@type\":\"ImageObject\",\"inLanguage\":\"de\",\"@id\":\"https:\\\/\\\/corporate.misterspex.com\\\/de\\\/karriere\\\/#primaryimage\",\"url\":\"https:\\\/\\\/corporate.misterspex.com\\\/wp-content\\\/uploads\\\/2025\\\/09\\\/karriereseite-header-2560x1052px-2.jpg\",\"contentUrl\":\"https:\\\/\\\/corporate.misterspex.com\\\/wp-content\\\/uploads\\\/2025\\\/09\\\/karriereseite-header-2560x1052px-2.jpg\",\"width\":2560,\"height\":1052},{\"@type\":\"BreadcrumbList\",\"@id\":\"https:\\\/\\\/corporate.misterspex.com\\\/de\\\/karriere\\\/#breadcrumb\",\"itemListElement\":[{\"@type\":\"ListItem\",\"position\":1,\"name\":\"Home\",\"item\":\"https:\\\/\\\/corporate.misterspex.com\\\/de\\\/\"},{\"@type\":\"ListItem\",\"position\":2,\"name\":\"Karriere\"}]},{\"@type\":\"WebSite\",\"@id\":\"https:\\\/\\\/corporate.misterspex.com\\\/de\\\/#website\",\"url\":\"https:\\\/\\\/corporate.misterspex.com\\\/de\\\/\",\"name\":\"Mister Spex Corporate Website\",\"description\":\"Brillen-Online-Shop\",\"potentialAction\":[{\"@type\":\"SearchAction\",\"target\":{\"@type\":\"EntryPoint\",\"urlTemplate\":\"https:\\\/\\\/corporate.misterspex.com\\\/de\\\/?s={search_term_string}\"},\"query-input\":{\"@type\":\"PropertyValueSpecification\",\"valueRequired\":true,\"valueName\":\"search_term_string\"}}],\"inLanguage\":\"de\"}]}<\/script>\n<!-- \/ Yoast SEO plugin. -->","yoast_head_json":{"title":"Karriere - Mister Spex Corporate Website","description":"Mit unserer konsequenten Digitalisierungsstrategie haben wir eine ganze Branche ma\u00dfgeblich ver\u00e4ndert und eine neue Art des Brillenkaufs etabliert. #teamspex","robots":{"index":"index","follow":"follow","max-snippet":"max-snippet:-1","max-image-preview":"max-image-preview:large","max-video-preview":"max-video-preview:-1"},"canonical":"https:\/\/corporate.misterspex.com\/de\/karriere\/","og_locale":"de_DE","og_type":"article","og_title":"Karriere - Mister Spex Corporate Website","og_description":"Mit unserer konsequenten Digitalisierungsstrategie haben wir eine ganze Branche ma\u00dfgeblich ver\u00e4ndert und eine neue Art des Brillenkaufs etabliert. #teamspex","og_url":"https:\/\/corporate.misterspex.com\/de\/karriere\/","og_site_name":"Mister Spex Corporate Website","article_modified_time":"2025-10-17T14:12:58+00:00","og_image":[{"width":2560,"height":1052,"url":"https:\/\/corporate.misterspex.com\/wp-content\/uploads\/2025\/09\/karriereseite-header-2560x1052px-2.jpg","type":"image\/jpeg"}],"twitter_card":"summary_large_image","twitter_misc":{"Gesch\u00e4tzte Lesezeit":"1\u00a0Minute"},"schema":{"@context":"https:\/\/schema.org","@graph":[{"@type":"WebPage","@id":"https:\/\/corporate.misterspex.com\/de\/karriere\/","url":"https:\/\/corporate.misterspex.com\/de\/karriere\/","name":"Karriere - Mister Spex Corporate Website","isPartOf":{"@id":"https:\/\/corporate.misterspex.com\/de\/#website"},"primaryImageOfPage":{"@id":"https:\/\/corporate.misterspex.com\/de\/karriere\/#primaryimage"},"image":{"@id":"https:\/\/corporate.misterspex.com\/de\/karriere\/#primaryimage"},"thumbnailUrl":"https:\/\/corporate.misterspex.com\/wp-content\/uploads\/2025\/09\/karriereseite-header-2560x1052px-2.jpg","datePublished":"2020-07-06T19:28:14+00:00","dateModified":"2025-10-17T14:12:58+00:00","description":"Mit unserer konsequenten Digitalisierungsstrategie haben wir eine ganze Branche ma\u00dfgeblich ver\u00e4ndert und eine neue Art des Brillenkaufs etabliert. #teamspex","breadcrumb":{"@id":"https:\/\/corporate.misterspex.com\/de\/karriere\/#breadcrumb"},"inLanguage":"de","potentialAction":[{"@type":"ReadAction","target":["https:\/\/corporate.misterspex.com\/de\/karriere\/"]}]},{"@type":"ImageObject","inLanguage":"de","@id":"https:\/\/corporate.misterspex.com\/de\/karriere\/#primaryimage","url":"https:\/\/corporate.misterspex.com\/wp-content\/uploads\/2025\/09\/karriereseite-header-2560x1052px-2.jpg","contentUrl":"https:\/\/corporate.misterspex.com\/wp-content\/uploads\/2025\/09\/karriereseite-header-2560x1052px-2.jpg","width":2560,"height":1052},{"@type":"BreadcrumbList","@id":"https:\/\/corporate.misterspex.com\/de\/karriere\/#breadcrumb","itemListElement":[{"@type":"ListItem","position":1,"name":"Home","item":"https:\/\/corporate.misterspex.com\/de\/"},{"@type":"ListItem","position":2,"name":"Karriere"}]},{"@type":"WebSite","@id":"https:\/\/corporate.misterspex.com\/de\/#website","url":"https:\/\/corporate.misterspex.com\/de\/","name":"Mister Spex Corporate Website","description":"Brillen-Online-Shop","potentialAction":[{"@type":"SearchAction","target":{"@type":"EntryPoint","urlTemplate":"https:\/\/corporate.misterspex.com\/de\/?s={search_term_string}"},"query-input":{"@type":"PropertyValueSpecification","valueRequired":true,"valueName":"search_term_string"}}],"inLanguage":"de"}]}},"_links":{"self":[{"href":"https:\/\/corporate.misterspex.com\/de\/wp-json\/wp\/v2\/pages\/11040","targetHints":{"allow":["GET"]}}],"collection":[{"href":"https:\/\/corporate.misterspex.com\/de\/wp-json\/wp\/v2\/pages"}],"about":[{"href":"https:\/\/corporate.misterspex.com\/de\/wp-json\/wp\/v2\/types\/page"}],"author":[{"embeddable":true,"href":"https:\/\/corporate.misterspex.com\/de\/wp-json\/wp\/v2\/users\/1"}],"replies":[{"embeddable":true,"href":"https:\/\/corporate.misterspex.com\/de\/wp-json\/wp\/v2\/comments?post=11040"}],"version-history":[{"count":9,"href":"https:\/\/corporate.misterspex.com\/de\/wp-json\/wp\/v2\/pages\/11040\/revisions"}],"predecessor-version":[{"id":32031,"href":"https:\/\/corporate.misterspex.com\/de\/wp-json\/wp\/v2\/pages\/11040\/revisions\/32031"}],"wp:featuredmedia":[{"embeddable":true,"href":"https:\/\/corporate.misterspex.com\/de\/wp-json\/wp\/v2\/media\/31791"}],"wp:attachment":[{"href":"https:\/\/corporate.misterspex.com\/de\/wp-json\/wp\/v2\/media?parent=11040"}],"curies":[{"name":"wp","href":"https:\/\/api.w.org\/{rel}","templated":true}]}}