{"id":19,"date":"2015-09-16T20:07:54","date_gmt":"2015-09-16T18:07:54","guid":{"rendered":"https:\/\/corporate.misterspex.com\/?page_id=19"},"modified":"2025-10-23T11:18:43","modified_gmt":"2025-10-23T09:18:43","slug":"vision-mission","status":"publish","type":"page","link":"https:\/\/corporate.misterspex.com\/de\/unternehmen\/vision-mission\/","title":{"rendered":"Vision &#038; Mission"},"content":{"rendered":"<h2><span class=\"TextRun BCX8 SCXP161005785\" lang=\"DE-DE\" xml:lang=\"DE-DE\" data-usefontface=\"true\" data-contrast=\"none\"><span class=\"NormalTextRun BCX8 SCXP161005785\">Wir helfen Menschen,<\/span><\/span><span class=\"LineBreakBlob BlobObject BCX8 SCXP161005785\"><span class=\"BCX8 SCXP161005785\">\u200b <\/span><\/span><span class=\"TextRun BCX8 SCXP161005785\" lang=\"DE-DE\" xml:lang=\"DE-DE\" data-usefontface=\"true\" data-contrast=\"none\"><span class=\"NormalTextRun BCX8 SCXP161005785\">die Welt zu sehen<\/span><\/span><span class=\"TextRun BCX8 SCXP161005785\" lang=\"DE-DE\" xml:lang=\"DE-DE\" data-usefontface=\"true\" data-contrast=\"none\"><span class=\"NormalTextRun BCX8 SCXP161005785\"> und <\/span><\/span><span class=\"TextRun BCX8 SCXP161005785\" lang=\"DE-DE\" xml:lang=\"DE-DE\" data-usefontface=\"true\" data-contrast=\"none\"><span class=\"NormalTextRun BCX8 SCXP161005785\">sich selbst zu zeigen<\/span><\/span><span class=\"EOP BCX8 SCXP161005785\">\u200b<\/span><\/h2>\n<p>Wir sind \u00fcberzeugt, dass die Suche nach der perfekten Brille einfach, intuitiv und zuverl\u00e4ssig sein sollte. Wir bieten eine Vielzahl an L\u00f6sungen und Services, die nicht nur ein einzigartiges Einkaufserlebnis schaffen, sondern auch den individuellsten und umfassendsten Ansatz f\u00fcr die Augengesundheit bieten \u2013 sowohl online als auch offline. So k\u00f6nnen Kundinnen und Kunden mit einem guten Gef\u00fchl und voller Vertrauen ihre neue Brille oder Sonnenbrille kaufen und tragen.<\/p>\n","protected":false},"excerpt":{"rendered":"<p>Wir helfen Menschen,\u200b die Welt zu sehen und sich selbst zu zeigen\u200b Wir sind \u00fcberzeugt, dass die Suche nach der perfekten Brille einfach, intuitiv und zuverl\u00e4ssig sein sollte. Wir bieten eine Vielzahl an L\u00f6sungen und Services, die nicht nur ein einzigartiges Einkaufserlebnis schaffen, sondern auch den individuellsten und umfassendsten Ansatz f\u00fcr die Augengesundheit bieten \u2013 [&hellip;]<\/p>\n","protected":false},"author":1,"featured_media":0,"parent":2,"menu_order":8,"comment_status":"closed","ping_status":"closed","template":"","meta":{"_acf_changed":false,"footnotes":""},"class_list":["post-19","page","type-page","status-publish","hentry"],"acf":[],"yoast_head":"<!-- This site is optimized with the Yoast SEO plugin v27.4 - https:\/\/yoast.com\/product\/yoast-seo-wordpress\/ -->\n<title>Vision &amp; Mission - Mister Spex Corporate Website<\/title>\n<meta name=\"description\" content=\"Dank einer konsequenten Verzahnung von Online-Angeboten und Services vor Ort sind wir heute Europas f\u00fchrender Omnichannel-Optiker.\" \/>\n<meta name=\"robots\" content=\"noindex, follow\" \/>\n<meta property=\"og:locale\" content=\"de_DE\" \/>\n<meta property=\"og:type\" content=\"article\" \/>\n<meta property=\"og:title\" content=\"Vision &amp; Mission - Mister Spex Corporate Website\" \/>\n<meta property=\"og:description\" content=\"Dank einer konsequenten Verzahnung von Online-Angeboten und Services vor Ort sind wir heute Europas f\u00fchrender Omnichannel-Optiker.\" \/>\n<meta property=\"og:url\" content=\"https:\/\/corporate.misterspex.com\/de\/unternehmen\/vision-mission\/\" \/>\n<meta property=\"og:site_name\" content=\"Mister Spex Corporate Website\" \/>\n<meta property=\"article:modified_time\" content=\"2025-10-23T09:18:43+00:00\" \/>\n<meta name=\"twitter:card\" content=\"summary_large_image\" \/>\n<meta name=\"twitter:label1\" content=\"Gesch\u00e4tzte Lesezeit\" \/>\n\t<meta name=\"twitter:data1\" content=\"1\u00a0Minute\" \/>\n<script type=\"application\/ld+json\" class=\"yoast-schema-graph\">{\"@context\":\"https:\\\/\\\/schema.org\",\"@graph\":[{\"@type\":\"WebPage\",\"@id\":\"https:\\\/\\\/corporate.misterspex.com\\\/de\\\/unternehmen\\\/vision-mission\\\/\",\"url\":\"https:\\\/\\\/corporate.misterspex.com\\\/de\\\/unternehmen\\\/vision-mission\\\/\",\"name\":\"Vision & Mission - Mister Spex Corporate Website\",\"isPartOf\":{\"@id\":\"https:\\\/\\\/corporate.misterspex.com\\\/de\\\/#website\"},\"datePublished\":\"2015-09-16T18:07:54+00:00\",\"dateModified\":\"2025-10-23T09:18:43+00:00\",\"description\":\"Dank einer konsequenten Verzahnung von Online-Angeboten und Services vor Ort sind wir heute Europas f\u00fchrender Omnichannel-Optiker.\",\"breadcrumb\":{\"@id\":\"https:\\\/\\\/corporate.misterspex.com\\\/de\\\/unternehmen\\\/vision-mission\\\/#breadcrumb\"},\"inLanguage\":\"de\",\"potentialAction\":[{\"@type\":\"ReadAction\",\"target\":[\"https:\\\/\\\/corporate.misterspex.com\\\/de\\\/unternehmen\\\/vision-mission\\\/\"]}]},{\"@type\":\"BreadcrumbList\",\"@id\":\"https:\\\/\\\/corporate.misterspex.com\\\/de\\\/unternehmen\\\/vision-mission\\\/#breadcrumb\",\"itemListElement\":[{\"@type\":\"ListItem\",\"position\":1,\"name\":\"Home\",\"item\":\"https:\\\/\\\/corporate.misterspex.com\\\/de\\\/\"},{\"@type\":\"ListItem\",\"position\":2,\"name\":\"Unternehmen\",\"item\":\"https:\\\/\\\/corporate.misterspex.com\\\/de\\\/\"},{\"@type\":\"ListItem\",\"position\":3,\"name\":\"Vision &#038; Mission\"}]},{\"@type\":\"WebSite\",\"@id\":\"https:\\\/\\\/corporate.misterspex.com\\\/de\\\/#website\",\"url\":\"https:\\\/\\\/corporate.misterspex.com\\\/de\\\/\",\"name\":\"Mister Spex Corporate Website\",\"description\":\"Brillen-Online-Shop\",\"potentialAction\":[{\"@type\":\"SearchAction\",\"target\":{\"@type\":\"EntryPoint\",\"urlTemplate\":\"https:\\\/\\\/corporate.misterspex.com\\\/de\\\/?s={search_term_string}\"},\"query-input\":{\"@type\":\"PropertyValueSpecification\",\"valueRequired\":true,\"valueName\":\"search_term_string\"}}],\"inLanguage\":\"de\"}]}<\/script>\n<!-- \/ Yoast SEO plugin. -->","yoast_head_json":{"title":"Vision & Mission - Mister Spex Corporate Website","description":"Dank einer konsequenten Verzahnung von Online-Angeboten und Services vor Ort sind wir heute Europas f\u00fchrender Omnichannel-Optiker.","robots":{"index":"noindex","follow":"follow"},"og_locale":"de_DE","og_type":"article","og_title":"Vision & Mission - Mister Spex Corporate Website","og_description":"Dank einer konsequenten Verzahnung von Online-Angeboten und Services vor Ort sind wir heute Europas f\u00fchrender Omnichannel-Optiker.","og_url":"https:\/\/corporate.misterspex.com\/de\/unternehmen\/vision-mission\/","og_site_name":"Mister Spex Corporate Website","article_modified_time":"2025-10-23T09:18:43+00:00","twitter_card":"summary_large_image","twitter_misc":{"Gesch\u00e4tzte Lesezeit":"1\u00a0Minute"},"schema":{"@context":"https:\/\/schema.org","@graph":[{"@type":"WebPage","@id":"https:\/\/corporate.misterspex.com\/de\/unternehmen\/vision-mission\/","url":"https:\/\/corporate.misterspex.com\/de\/unternehmen\/vision-mission\/","name":"Vision & Mission - Mister Spex Corporate Website","isPartOf":{"@id":"https:\/\/corporate.misterspex.com\/de\/#website"},"datePublished":"2015-09-16T18:07:54+00:00","dateModified":"2025-10-23T09:18:43+00:00","description":"Dank einer konsequenten Verzahnung von Online-Angeboten und Services vor Ort sind wir heute Europas f\u00fchrender Omnichannel-Optiker.","breadcrumb":{"@id":"https:\/\/corporate.misterspex.com\/de\/unternehmen\/vision-mission\/#breadcrumb"},"inLanguage":"de","potentialAction":[{"@type":"ReadAction","target":["https:\/\/corporate.misterspex.com\/de\/unternehmen\/vision-mission\/"]}]},{"@type":"BreadcrumbList","@id":"https:\/\/corporate.misterspex.com\/de\/unternehmen\/vision-mission\/#breadcrumb","itemListElement":[{"@type":"ListItem","position":1,"name":"Home","item":"https:\/\/corporate.misterspex.com\/de\/"},{"@type":"ListItem","position":2,"name":"Unternehmen","item":"https:\/\/corporate.misterspex.com\/de\/"},{"@type":"ListItem","position":3,"name":"Vision &#038; Mission"}]},{"@type":"WebSite","@id":"https:\/\/corporate.misterspex.com\/de\/#website","url":"https:\/\/corporate.misterspex.com\/de\/","name":"Mister Spex Corporate Website","description":"Brillen-Online-Shop","potentialAction":[{"@type":"SearchAction","target":{"@type":"EntryPoint","urlTemplate":"https:\/\/corporate.misterspex.com\/de\/?s={search_term_string}"},"query-input":{"@type":"PropertyValueSpecification","valueRequired":true,"valueName":"search_term_string"}}],"inLanguage":"de"}]}},"_links":{"self":[{"href":"https:\/\/corporate.misterspex.com\/de\/wp-json\/wp\/v2\/pages\/19","targetHints":{"allow":["GET"]}}],"collection":[{"href":"https:\/\/corporate.misterspex.com\/de\/wp-json\/wp\/v2\/pages"}],"about":[{"href":"https:\/\/corporate.misterspex.com\/de\/wp-json\/wp\/v2\/types\/page"}],"author":[{"embeddable":true,"href":"https:\/\/corporate.misterspex.com\/de\/wp-json\/wp\/v2\/users\/1"}],"replies":[{"embeddable":true,"href":"https:\/\/corporate.misterspex.com\/de\/wp-json\/wp\/v2\/comments?post=19"}],"version-history":[{"count":9,"href":"https:\/\/corporate.misterspex.com\/de\/wp-json\/wp\/v2\/pages\/19\/revisions"}],"predecessor-version":[{"id":32043,"href":"https:\/\/corporate.misterspex.com\/de\/wp-json\/wp\/v2\/pages\/19\/revisions\/32043"}],"up":[{"embeddable":true,"href":"https:\/\/corporate.misterspex.com\/de\/wp-json\/wp\/v2\/pages\/2"}],"wp:attachment":[{"href":"https:\/\/corporate.misterspex.com\/de\/wp-json\/wp\/v2\/media?parent=19"}],"curies":[{"name":"wp","href":"https:\/\/api.w.org\/{rel}","templated":true}]}}