{"id":22677,"date":"2021-06-09T10:38:44","date_gmt":"2021-06-09T08:38:44","guid":{"rendered":"https:\/\/corporate.misterspex.com\/?page_id=22677"},"modified":"2025-10-23T11:57:33","modified_gmt":"2025-10-23T09:57:33","slug":"ueber-uns","status":"publish","type":"page","link":"https:\/\/corporate.misterspex.com\/de\/unternehmen\/ueber-uns\/","title":{"rendered":"\u00dcber das Unternehmen"},"content":{"rendered":"<p>Bei Mister Spex haben Kundinnen und Kunden Zugriff auf ein umfangreichreiches Sortiment aus \u00fcber 100 attraktiven Premium- und Luxus-Brands, angesagten Independent Labels und hochwertigen Eigenmarken sowie ausgew\u00e4hlten Designer- und Influencer-Kooperationen. Dank der nahtlosen und konsequenten Omnichannel-Verzahnung von On- und Offlineangeboten schaffen wir ein individuelles Shoppingerlebnis und geben unseren Kundinnen und Kunden gleichzeitig die Freiheit, selbstbestimmt zu entscheiden, wann, wo und wie sie einkaufen. Innovative Technologien und smarte, datengest\u00fctzte Funktionen spielen dabei eine zentrale Rolle.<\/p>\n<p>Als Treiber der digitalen Transformation haben wir die Optik-Branche seit dem Tag unserer Gr\u00fcndung ma\u00dfgeblich gepr\u00e4gt. Heute ist Mister Spex einer der f\u00fchrenden Optiker Deutschlands mit \u00fcber 8 Millionen Kundinnen und Kunden. Wir betreiben Onlineshops in f\u00fcnf L\u00e4ndern, 65 Stores in Deutschland sowie ein fl\u00e4chendeckendes Netzwerk aus \u00fcber 300 Partneroptikern.<\/p>\n","protected":false},"excerpt":{"rendered":"<p>Bei Mister Spex haben Kundinnen und Kunden Zugriff auf ein umfangreichreiches Sortiment aus \u00fcber 100 attraktiven Premium- und Luxus-Brands, angesagten Independent Labels und hochwertigen Eigenmarken sowie ausgew\u00e4hlten Designer- und Influencer-Kooperationen. Dank der nahtlosen und konsequenten Omnichannel-Verzahnung von On- und Offlineangeboten schaffen wir ein individuelles Shoppingerlebnis und geben unseren Kundinnen und Kunden gleichzeitig die Freiheit, selbstbestimmt [&hellip;]<\/p>\n","protected":false},"author":1,"featured_media":0,"parent":2,"menu_order":9,"comment_status":"closed","ping_status":"closed","template":"","meta":{"_acf_changed":false,"footnotes":""},"class_list":["post-22677","page","type-page","status-publish","hentry"],"acf":[],"yoast_head":"<!-- This site is optimized with the Yoast SEO plugin v27.4 - https:\/\/yoast.com\/product\/yoast-seo-wordpress\/ -->\n<title>\u00dcber das Unternehmen - Mister Spex Corporate Website<\/title>\n<meta name=\"robots\" content=\"index, follow, max-snippet:-1, max-image-preview:large, max-video-preview:-1\" \/>\n<link rel=\"canonical\" href=\"https:\/\/corporate.misterspex.com\/de\/unternehmen\/ueber-uns\/\" \/>\n<meta property=\"og:locale\" content=\"de_DE\" \/>\n<meta property=\"og:type\" content=\"article\" \/>\n<meta property=\"og:title\" content=\"\u00dcber das Unternehmen - Mister Spex Corporate Website\" \/>\n<meta property=\"og:description\" content=\"Bei Mister Spex haben Kundinnen und Kunden Zugriff auf ein umfangreichreiches Sortiment aus \u00fcber 100 attraktiven Premium- und Luxus-Brands, angesagten Independent Labels und hochwertigen Eigenmarken sowie ausgew\u00e4hlten Designer- und Influencer-Kooperationen. Dank der nahtlosen und konsequenten Omnichannel-Verzahnung von On- und Offlineangeboten schaffen wir ein individuelles Shoppingerlebnis und geben unseren Kundinnen und Kunden gleichzeitig die Freiheit, selbstbestimmt [&hellip;]\" \/>\n<meta property=\"og:url\" content=\"https:\/\/corporate.misterspex.com\/de\/unternehmen\/ueber-uns\/\" \/>\n<meta property=\"og:site_name\" content=\"Mister Spex Corporate Website\" \/>\n<meta property=\"article:modified_time\" content=\"2025-10-23T09:57:33+00:00\" \/>\n<meta name=\"twitter:card\" content=\"summary_large_image\" \/>\n<meta name=\"twitter:label1\" content=\"Gesch\u00e4tzte Lesezeit\" \/>\n\t<meta name=\"twitter:data1\" content=\"1\u00a0Minute\" \/>\n<script type=\"application\/ld+json\" class=\"yoast-schema-graph\">{\"@context\":\"https:\\\/\\\/schema.org\",\"@graph\":[{\"@type\":\"WebPage\",\"@id\":\"https:\\\/\\\/corporate.misterspex.com\\\/de\\\/unternehmen\\\/ueber-uns\\\/\",\"url\":\"https:\\\/\\\/corporate.misterspex.com\\\/de\\\/unternehmen\\\/ueber-uns\\\/\",\"name\":\"\u00dcber das Unternehmen - Mister Spex Corporate Website\",\"isPartOf\":{\"@id\":\"https:\\\/\\\/corporate.misterspex.com\\\/de\\\/#website\"},\"datePublished\":\"2021-06-09T08:38:44+00:00\",\"dateModified\":\"2025-10-23T09:57:33+00:00\",\"breadcrumb\":{\"@id\":\"https:\\\/\\\/corporate.misterspex.com\\\/de\\\/unternehmen\\\/ueber-uns\\\/#breadcrumb\"},\"inLanguage\":\"de\",\"potentialAction\":[{\"@type\":\"ReadAction\",\"target\":[\"https:\\\/\\\/corporate.misterspex.com\\\/de\\\/unternehmen\\\/ueber-uns\\\/\"]}]},{\"@type\":\"BreadcrumbList\",\"@id\":\"https:\\\/\\\/corporate.misterspex.com\\\/de\\\/unternehmen\\\/ueber-uns\\\/#breadcrumb\",\"itemListElement\":[{\"@type\":\"ListItem\",\"position\":1,\"name\":\"Home\",\"item\":\"https:\\\/\\\/corporate.misterspex.com\\\/de\\\/\"},{\"@type\":\"ListItem\",\"position\":2,\"name\":\"Unternehmen\",\"item\":\"https:\\\/\\\/corporate.misterspex.com\\\/de\\\/\"},{\"@type\":\"ListItem\",\"position\":3,\"name\":\"\u00dcber das Unternehmen\"}]},{\"@type\":\"WebSite\",\"@id\":\"https:\\\/\\\/corporate.misterspex.com\\\/de\\\/#website\",\"url\":\"https:\\\/\\\/corporate.misterspex.com\\\/de\\\/\",\"name\":\"Mister Spex Corporate Website\",\"description\":\"Brillen-Online-Shop\",\"potentialAction\":[{\"@type\":\"SearchAction\",\"target\":{\"@type\":\"EntryPoint\",\"urlTemplate\":\"https:\\\/\\\/corporate.misterspex.com\\\/de\\\/?s={search_term_string}\"},\"query-input\":{\"@type\":\"PropertyValueSpecification\",\"valueRequired\":true,\"valueName\":\"search_term_string\"}}],\"inLanguage\":\"de\"}]}<\/script>\n<!-- \/ Yoast SEO plugin. -->","yoast_head_json":{"title":"\u00dcber das Unternehmen - Mister Spex Corporate Website","robots":{"index":"index","follow":"follow","max-snippet":"max-snippet:-1","max-image-preview":"max-image-preview:large","max-video-preview":"max-video-preview:-1"},"canonical":"https:\/\/corporate.misterspex.com\/de\/unternehmen\/ueber-uns\/","og_locale":"de_DE","og_type":"article","og_title":"\u00dcber das Unternehmen - Mister Spex Corporate Website","og_description":"Bei Mister Spex haben Kundinnen und Kunden Zugriff auf ein umfangreichreiches Sortiment aus \u00fcber 100 attraktiven Premium- und Luxus-Brands, angesagten Independent Labels und hochwertigen Eigenmarken sowie ausgew\u00e4hlten Designer- und Influencer-Kooperationen. Dank der nahtlosen und konsequenten Omnichannel-Verzahnung von On- und Offlineangeboten schaffen wir ein individuelles Shoppingerlebnis und geben unseren Kundinnen und Kunden gleichzeitig die Freiheit, selbstbestimmt [&hellip;]","og_url":"https:\/\/corporate.misterspex.com\/de\/unternehmen\/ueber-uns\/","og_site_name":"Mister Spex Corporate Website","article_modified_time":"2025-10-23T09:57:33+00:00","twitter_card":"summary_large_image","twitter_misc":{"Gesch\u00e4tzte Lesezeit":"1\u00a0Minute"},"schema":{"@context":"https:\/\/schema.org","@graph":[{"@type":"WebPage","@id":"https:\/\/corporate.misterspex.com\/de\/unternehmen\/ueber-uns\/","url":"https:\/\/corporate.misterspex.com\/de\/unternehmen\/ueber-uns\/","name":"\u00dcber das Unternehmen - Mister Spex Corporate Website","isPartOf":{"@id":"https:\/\/corporate.misterspex.com\/de\/#website"},"datePublished":"2021-06-09T08:38:44+00:00","dateModified":"2025-10-23T09:57:33+00:00","breadcrumb":{"@id":"https:\/\/corporate.misterspex.com\/de\/unternehmen\/ueber-uns\/#breadcrumb"},"inLanguage":"de","potentialAction":[{"@type":"ReadAction","target":["https:\/\/corporate.misterspex.com\/de\/unternehmen\/ueber-uns\/"]}]},{"@type":"BreadcrumbList","@id":"https:\/\/corporate.misterspex.com\/de\/unternehmen\/ueber-uns\/#breadcrumb","itemListElement":[{"@type":"ListItem","position":1,"name":"Home","item":"https:\/\/corporate.misterspex.com\/de\/"},{"@type":"ListItem","position":2,"name":"Unternehmen","item":"https:\/\/corporate.misterspex.com\/de\/"},{"@type":"ListItem","position":3,"name":"\u00dcber das Unternehmen"}]},{"@type":"WebSite","@id":"https:\/\/corporate.misterspex.com\/de\/#website","url":"https:\/\/corporate.misterspex.com\/de\/","name":"Mister Spex Corporate Website","description":"Brillen-Online-Shop","potentialAction":[{"@type":"SearchAction","target":{"@type":"EntryPoint","urlTemplate":"https:\/\/corporate.misterspex.com\/de\/?s={search_term_string}"},"query-input":{"@type":"PropertyValueSpecification","valueRequired":true,"valueName":"search_term_string"}}],"inLanguage":"de"}]}},"_links":{"self":[{"href":"https:\/\/corporate.misterspex.com\/de\/wp-json\/wp\/v2\/pages\/22677","targetHints":{"allow":["GET"]}}],"collection":[{"href":"https:\/\/corporate.misterspex.com\/de\/wp-json\/wp\/v2\/pages"}],"about":[{"href":"https:\/\/corporate.misterspex.com\/de\/wp-json\/wp\/v2\/types\/page"}],"author":[{"embeddable":true,"href":"https:\/\/corporate.misterspex.com\/de\/wp-json\/wp\/v2\/users\/1"}],"replies":[{"embeddable":true,"href":"https:\/\/corporate.misterspex.com\/de\/wp-json\/wp\/v2\/comments?post=22677"}],"version-history":[{"count":6,"href":"https:\/\/corporate.misterspex.com\/de\/wp-json\/wp\/v2\/pages\/22677\/revisions"}],"predecessor-version":[{"id":32048,"href":"https:\/\/corporate.misterspex.com\/de\/wp-json\/wp\/v2\/pages\/22677\/revisions\/32048"}],"up":[{"embeddable":true,"href":"https:\/\/corporate.misterspex.com\/de\/wp-json\/wp\/v2\/pages\/2"}],"wp:attachment":[{"href":"https:\/\/corporate.misterspex.com\/de\/wp-json\/wp\/v2\/media?parent=22677"}],"curies":[{"name":"wp","href":"https:\/\/api.w.org\/{rel}","templated":true}]}}