{"id":24101,"date":"2021-12-08T13:02:09","date_gmt":"2021-12-08T12:02:09","guid":{"rendered":"https:\/\/corporate.misterspex.com\/?page_id=24101"},"modified":"2023-07-04T15:30:25","modified_gmt":"2023-07-04T13:30:25","slug":"neue-arbeitswelt","status":"publish","type":"page","link":"https:\/\/corporate.misterspex.com\/de\/unternehmen\/neue-arbeitswelt\/","title":{"rendered":"Arbeit <br>neu <br>gedacht"},"content":{"rendered":"<h2>Zu Hause, mobil oder vor Ort?<\/h2>\n<p><span data-contrast=\"auto\">Jeden Tag inspirieren wir unsere Kund*innen, ihre neue Brille mit Freude und Selbstvertrauen zu finden \u2013 egal wann, egal wie, egal wo. Daf\u00fcr gehen wir gerne h\u00e4ufig neue Wege. Auch als Arbeitgeber hinterfragen wir regelm\u00e4\u00dfig unser Handeln, stets mit dem Ziel unsere Teams bestm\u00f6glich dabei zu unterst\u00fctzen, Arbeit und Privatleben gut und sinnvoll miteinander zu verkn\u00fcpfen. <\/span>Denn als digital-getriebenes und werte-orientiertes Unternehmen ist uns wichtig, eine zukunftsf\u00e4hige Arbeitswelt zu gestalten. Wir binden die W\u00fcnsche unserer Mitarbeitenden daher bestm\u00f6glich in unseren Entscheidungen ein. Daraus ergeben sich f\u00fcr uns folgende Eckpfeiler, an denen wir unseren Arbeitsalltag ausrichten:<\/p>\n<ul style=\"padding-left: 45px;\">\n<li>ein H\u00f6chstma\u00df an Flexibilit\u00e4t und Eigenverantwortung<\/li>\n<li>Ber\u00fccksichtigung individueller Bed\u00fcrfnisse und W\u00fcnsche<\/li>\n<li>der Mensch steht im Mittelpunkt<\/li>\n<li>Raum f\u00fcr pers\u00f6nliche Kontakte und Events<\/li>\n<\/ul>\n","protected":false},"excerpt":{"rendered":"<p>Zu Hause, mobil oder vor Ort? Jeden Tag inspirieren wir unsere Kund*innen, ihre neue Brille mit Freude und Selbstvertrauen zu finden \u2013 egal wann, egal wie, egal wo. Daf\u00fcr gehen wir gerne h\u00e4ufig neue Wege. Auch als Arbeitgeber hinterfragen wir regelm\u00e4\u00dfig unser Handeln, stets mit dem Ziel unsere Teams bestm\u00f6glich dabei zu unterst\u00fctzen, Arbeit und [&hellip;]<\/p>\n","protected":false},"author":65,"featured_media":21284,"parent":2,"menu_order":32,"comment_status":"closed","ping_status":"closed","template":"page-new-work-approach.php","meta":{"_acf_changed":false,"footnotes":""},"class_list":["post-24101","page","type-page","status-publish","has-post-thumbnail","hentry"],"acf":[],"yoast_head":"<!-- This site is optimized with the Yoast SEO plugin v27.4 - https:\/\/yoast.com\/product\/yoast-seo-wordpress\/ -->\n<title>Arbeit neu gedacht - Mister Spex Corporate Website<\/title>\n<meta name=\"description\" content=\"Die Vision von Mister Spex: Die Vorteile des E-Commerce in die Augenoptik zu bringen und damit neue Art des Brillenkaufs zu etablieren.\u00a0\" \/>\n<meta name=\"robots\" content=\"index, follow, max-snippet:-1, max-image-preview:large, max-video-preview:-1\" \/>\n<link rel=\"canonical\" href=\"https:\/\/corporate.misterspex.com\/de\/unternehmen\/neue-arbeitswelt\/\" \/>\n<meta property=\"og:locale\" content=\"de_DE\" \/>\n<meta property=\"og:type\" content=\"article\" \/>\n<meta property=\"og:title\" content=\"Arbeit neu gedacht - Mister Spex Corporate Website\" \/>\n<meta property=\"og:description\" content=\"Die Vision von Mister Spex: Die Vorteile des E-Commerce in die Augenoptik zu bringen und damit neue Art des Brillenkaufs zu etablieren.\u00a0\" \/>\n<meta property=\"og:url\" content=\"https:\/\/corporate.misterspex.com\/de\/unternehmen\/neue-arbeitswelt\/\" \/>\n<meta property=\"og:site_name\" content=\"Mister Spex Corporate Website\" \/>\n<meta property=\"article:modified_time\" content=\"2023-07-04T13:30:25+00:00\" \/>\n<meta property=\"og:image\" content=\"https:\/\/corporate.misterspex.com\/wp-content\/uploads\/2020\/09\/couple-01.jpg\" \/>\n\t<meta property=\"og:image:width\" content=\"1920\" \/>\n\t<meta property=\"og:image:height\" content=\"900\" \/>\n\t<meta property=\"og:image:type\" content=\"image\/jpeg\" \/>\n<meta name=\"twitter:card\" content=\"summary_large_image\" \/>\n<meta name=\"twitter:label1\" content=\"Gesch\u00e4tzte Lesezeit\" \/>\n\t<meta name=\"twitter:data1\" content=\"1\u00a0Minute\" \/>\n<script type=\"application\/ld+json\" class=\"yoast-schema-graph\">{\"@context\":\"https:\\\/\\\/schema.org\",\"@graph\":[{\"@type\":\"WebPage\",\"@id\":\"https:\\\/\\\/corporate.misterspex.com\\\/de\\\/unternehmen\\\/neue-arbeitswelt\\\/\",\"url\":\"https:\\\/\\\/corporate.misterspex.com\\\/de\\\/unternehmen\\\/neue-arbeitswelt\\\/\",\"name\":\"Arbeit neu gedacht - Mister Spex Corporate Website\",\"isPartOf\":{\"@id\":\"https:\\\/\\\/corporate.misterspex.com\\\/de\\\/#website\"},\"primaryImageOfPage\":{\"@id\":\"https:\\\/\\\/corporate.misterspex.com\\\/de\\\/unternehmen\\\/neue-arbeitswelt\\\/#primaryimage\"},\"image\":{\"@id\":\"https:\\\/\\\/corporate.misterspex.com\\\/de\\\/unternehmen\\\/neue-arbeitswelt\\\/#primaryimage\"},\"thumbnailUrl\":\"https:\\\/\\\/corporate.misterspex.com\\\/wp-content\\\/uploads\\\/2020\\\/09\\\/couple-01.jpg\",\"datePublished\":\"2021-12-08T12:02:09+00:00\",\"dateModified\":\"2023-07-04T13:30:25+00:00\",\"description\":\"Die Vision von Mister Spex: Die Vorteile des E-Commerce in die Augenoptik zu bringen und damit neue Art des Brillenkaufs zu etablieren.\u00a0\",\"breadcrumb\":{\"@id\":\"https:\\\/\\\/corporate.misterspex.com\\\/de\\\/unternehmen\\\/neue-arbeitswelt\\\/#breadcrumb\"},\"inLanguage\":\"de\",\"potentialAction\":[{\"@type\":\"ReadAction\",\"target\":[\"https:\\\/\\\/corporate.misterspex.com\\\/de\\\/unternehmen\\\/neue-arbeitswelt\\\/\"]}]},{\"@type\":\"ImageObject\",\"inLanguage\":\"de\",\"@id\":\"https:\\\/\\\/corporate.misterspex.com\\\/de\\\/unternehmen\\\/neue-arbeitswelt\\\/#primaryimage\",\"url\":\"https:\\\/\\\/corporate.misterspex.com\\\/wp-content\\\/uploads\\\/2020\\\/09\\\/couple-01.jpg\",\"contentUrl\":\"https:\\\/\\\/corporate.misterspex.com\\\/wp-content\\\/uploads\\\/2020\\\/09\\\/couple-01.jpg\",\"width\":1920,\"height\":900},{\"@type\":\"BreadcrumbList\",\"@id\":\"https:\\\/\\\/corporate.misterspex.com\\\/de\\\/unternehmen\\\/neue-arbeitswelt\\\/#breadcrumb\",\"itemListElement\":[{\"@type\":\"ListItem\",\"position\":1,\"name\":\"Home\",\"item\":\"https:\\\/\\\/corporate.misterspex.com\\\/de\\\/\"},{\"@type\":\"ListItem\",\"position\":2,\"name\":\"Unternehmen\",\"item\":\"https:\\\/\\\/corporate.misterspex.com\\\/de\\\/\"},{\"@type\":\"ListItem\",\"position\":3,\"name\":\"Arbeit neu gedacht\"}]},{\"@type\":\"WebSite\",\"@id\":\"https:\\\/\\\/corporate.misterspex.com\\\/de\\\/#website\",\"url\":\"https:\\\/\\\/corporate.misterspex.com\\\/de\\\/\",\"name\":\"Mister Spex Corporate Website\",\"description\":\"Brillen-Online-Shop\",\"potentialAction\":[{\"@type\":\"SearchAction\",\"target\":{\"@type\":\"EntryPoint\",\"urlTemplate\":\"https:\\\/\\\/corporate.misterspex.com\\\/de\\\/?s={search_term_string}\"},\"query-input\":{\"@type\":\"PropertyValueSpecification\",\"valueRequired\":true,\"valueName\":\"search_term_string\"}}],\"inLanguage\":\"de\"}]}<\/script>\n<!-- \/ Yoast SEO plugin. -->","yoast_head_json":{"title":"Arbeit neu gedacht - Mister Spex Corporate Website","description":"Die Vision von Mister Spex: Die Vorteile des E-Commerce in die Augenoptik zu bringen und damit neue Art des Brillenkaufs zu etablieren.\u00a0","robots":{"index":"index","follow":"follow","max-snippet":"max-snippet:-1","max-image-preview":"max-image-preview:large","max-video-preview":"max-video-preview:-1"},"canonical":"https:\/\/corporate.misterspex.com\/de\/unternehmen\/neue-arbeitswelt\/","og_locale":"de_DE","og_type":"article","og_title":"Arbeit neu gedacht - Mister Spex Corporate Website","og_description":"Die Vision von Mister Spex: Die Vorteile des E-Commerce in die Augenoptik zu bringen und damit neue Art des Brillenkaufs zu etablieren.\u00a0","og_url":"https:\/\/corporate.misterspex.com\/de\/unternehmen\/neue-arbeitswelt\/","og_site_name":"Mister Spex Corporate Website","article_modified_time":"2023-07-04T13:30:25+00:00","og_image":[{"width":1920,"height":900,"url":"https:\/\/corporate.misterspex.com\/wp-content\/uploads\/2020\/09\/couple-01.jpg","type":"image\/jpeg"}],"twitter_card":"summary_large_image","twitter_misc":{"Gesch\u00e4tzte Lesezeit":"1\u00a0Minute"},"schema":{"@context":"https:\/\/schema.org","@graph":[{"@type":"WebPage","@id":"https:\/\/corporate.misterspex.com\/de\/unternehmen\/neue-arbeitswelt\/","url":"https:\/\/corporate.misterspex.com\/de\/unternehmen\/neue-arbeitswelt\/","name":"Arbeit neu gedacht - Mister Spex Corporate Website","isPartOf":{"@id":"https:\/\/corporate.misterspex.com\/de\/#website"},"primaryImageOfPage":{"@id":"https:\/\/corporate.misterspex.com\/de\/unternehmen\/neue-arbeitswelt\/#primaryimage"},"image":{"@id":"https:\/\/corporate.misterspex.com\/de\/unternehmen\/neue-arbeitswelt\/#primaryimage"},"thumbnailUrl":"https:\/\/corporate.misterspex.com\/wp-content\/uploads\/2020\/09\/couple-01.jpg","datePublished":"2021-12-08T12:02:09+00:00","dateModified":"2023-07-04T13:30:25+00:00","description":"Die Vision von Mister Spex: Die Vorteile des E-Commerce in die Augenoptik zu bringen und damit neue Art des Brillenkaufs zu etablieren.\u00a0","breadcrumb":{"@id":"https:\/\/corporate.misterspex.com\/de\/unternehmen\/neue-arbeitswelt\/#breadcrumb"},"inLanguage":"de","potentialAction":[{"@type":"ReadAction","target":["https:\/\/corporate.misterspex.com\/de\/unternehmen\/neue-arbeitswelt\/"]}]},{"@type":"ImageObject","inLanguage":"de","@id":"https:\/\/corporate.misterspex.com\/de\/unternehmen\/neue-arbeitswelt\/#primaryimage","url":"https:\/\/corporate.misterspex.com\/wp-content\/uploads\/2020\/09\/couple-01.jpg","contentUrl":"https:\/\/corporate.misterspex.com\/wp-content\/uploads\/2020\/09\/couple-01.jpg","width":1920,"height":900},{"@type":"BreadcrumbList","@id":"https:\/\/corporate.misterspex.com\/de\/unternehmen\/neue-arbeitswelt\/#breadcrumb","itemListElement":[{"@type":"ListItem","position":1,"name":"Home","item":"https:\/\/corporate.misterspex.com\/de\/"},{"@type":"ListItem","position":2,"name":"Unternehmen","item":"https:\/\/corporate.misterspex.com\/de\/"},{"@type":"ListItem","position":3,"name":"Arbeit neu gedacht"}]},{"@type":"WebSite","@id":"https:\/\/corporate.misterspex.com\/de\/#website","url":"https:\/\/corporate.misterspex.com\/de\/","name":"Mister Spex Corporate Website","description":"Brillen-Online-Shop","potentialAction":[{"@type":"SearchAction","target":{"@type":"EntryPoint","urlTemplate":"https:\/\/corporate.misterspex.com\/de\/?s={search_term_string}"},"query-input":{"@type":"PropertyValueSpecification","valueRequired":true,"valueName":"search_term_string"}}],"inLanguage":"de"}]}},"_links":{"self":[{"href":"https:\/\/corporate.misterspex.com\/de\/wp-json\/wp\/v2\/pages\/24101","targetHints":{"allow":["GET"]}}],"collection":[{"href":"https:\/\/corporate.misterspex.com\/de\/wp-json\/wp\/v2\/pages"}],"about":[{"href":"https:\/\/corporate.misterspex.com\/de\/wp-json\/wp\/v2\/types\/page"}],"author":[{"embeddable":true,"href":"https:\/\/corporate.misterspex.com\/de\/wp-json\/wp\/v2\/users\/65"}],"replies":[{"embeddable":true,"href":"https:\/\/corporate.misterspex.com\/de\/wp-json\/wp\/v2\/comments?post=24101"}],"version-history":[{"count":6,"href":"https:\/\/corporate.misterspex.com\/de\/wp-json\/wp\/v2\/pages\/24101\/revisions"}],"predecessor-version":[{"id":27951,"href":"https:\/\/corporate.misterspex.com\/de\/wp-json\/wp\/v2\/pages\/24101\/revisions\/27951"}],"up":[{"embeddable":true,"href":"https:\/\/corporate.misterspex.com\/de\/wp-json\/wp\/v2\/pages\/2"}],"wp:featuredmedia":[{"embeddable":true,"href":"https:\/\/corporate.misterspex.com\/de\/wp-json\/wp\/v2\/media\/21284"}],"wp:attachment":[{"href":"https:\/\/corporate.misterspex.com\/de\/wp-json\/wp\/v2\/media?parent=24101"}],"curies":[{"name":"wp","href":"https:\/\/api.w.org\/{rel}","templated":true}]}}