{"id":26121,"date":"2022-10-24T23:01:22","date_gmt":"2022-10-24T21:01:22","guid":{"rendered":"https:\/\/corporate.misterspex.com\/?page_id=26121"},"modified":"2025-12-10T16:02:24","modified_gmt":"2025-12-10T15:02:24","slug":"corporate-compliance","status":"publish","type":"page","link":"https:\/\/corporate.misterspex.com\/de\/corporate-compliance\/","title":{"rendered":"Corporate Compliance"},"content":{"rendered":"<p>Ein offenes Miteinander und die \u00dcbernahme von Verantwortung sind zentrale Werte von Mister Spex. Wir handeln nach hohen ethischen und rechtlichen Standards, die wir f\u00fcr die Zusammenarbeit mit unseren Lieferanten in unserem Supplier Code of Conduct und f\u00fcr unsere Mitarbeitende in unserem Code of Conduct festgehalten haben. Bei Verst\u00f6\u00dfen gegen unseren Kodex k\u00f6nnen diese \u00fcber ein Hinweisgebersystem an das Corporate Compliance-Team gemeldet werden, auf Wunsch auch anonym.<\/p>\n","protected":false},"excerpt":{"rendered":"<p>Ein offenes Miteinander und die \u00dcbernahme von Verantwortung sind zentrale Werte von Mister Spex. Wir handeln nach hohen ethischen und rechtlichen Standards, die wir f\u00fcr die Zusammenarbeit mit unseren Lieferanten in unserem Supplier Code of Conduct und f\u00fcr unsere Mitarbeitende in unserem Code of Conduct festgehalten haben. Bei Verst\u00f6\u00dfen gegen unseren Kodex k\u00f6nnen diese \u00fcber [&hellip;]<\/p>\n","protected":false},"author":1,"featured_media":26358,"parent":0,"menu_order":1,"comment_status":"closed","ping_status":"closed","template":"page-corporate-compliance.php","meta":{"_acf_changed":false,"footnotes":""},"class_list":["post-26121","page","type-page","status-publish","has-post-thumbnail","hentry"],"acf":[],"yoast_head":"<!-- This site is optimized with the Yoast SEO plugin v27.4 - https:\/\/yoast.com\/product\/yoast-seo-wordpress\/ -->\n<title>Corporate Compliance - Mister Spex Corporate Website<\/title>\n<meta name=\"robots\" content=\"index, follow, max-snippet:-1, max-image-preview:large, max-video-preview:-1\" \/>\n<link rel=\"canonical\" href=\"https:\/\/corporate.misterspex.com\/de\/corporate-compliance\/\" \/>\n<meta property=\"og:locale\" content=\"de_DE\" \/>\n<meta property=\"og:type\" content=\"article\" \/>\n<meta property=\"og:title\" content=\"Corporate Compliance - Mister Spex Corporate Website\" \/>\n<meta property=\"og:description\" content=\"Ein offenes Miteinander und die \u00dcbernahme von Verantwortung sind zentrale Werte von Mister Spex. Wir handeln nach hohen ethischen und rechtlichen Standards, die wir f\u00fcr die Zusammenarbeit mit unseren Lieferanten in unserem Supplier Code of Conduct und f\u00fcr unsere Mitarbeitende in unserem Code of Conduct festgehalten haben. Bei Verst\u00f6\u00dfen gegen unseren Kodex k\u00f6nnen diese \u00fcber [&hellip;]\" \/>\n<meta property=\"og:url\" content=\"https:\/\/corporate.misterspex.com\/de\/corporate-compliance\/\" \/>\n<meta property=\"og:site_name\" content=\"Mister Spex Corporate Website\" \/>\n<meta property=\"article:modified_time\" content=\"2025-12-10T15:02:24+00:00\" \/>\n<meta property=\"og:image\" content=\"https:\/\/corporate.misterspex.com\/wp-content\/uploads\/2022\/12\/trends-heart-to-drop-710-6774519-scaled.jpg\" \/>\n\t<meta property=\"og:image:width\" content=\"2560\" \/>\n\t<meta property=\"og:image:height\" content=\"1709\" \/>\n\t<meta property=\"og:image:type\" content=\"image\/jpeg\" \/>\n<meta name=\"twitter:card\" content=\"summary_large_image\" \/>\n<meta name=\"twitter:label1\" content=\"Gesch\u00e4tzte Lesezeit\" \/>\n\t<meta name=\"twitter:data1\" content=\"1\u00a0Minute\" \/>\n<script type=\"application\/ld+json\" class=\"yoast-schema-graph\">{\"@context\":\"https:\\\/\\\/schema.org\",\"@graph\":[{\"@type\":\"WebPage\",\"@id\":\"https:\\\/\\\/corporate.misterspex.com\\\/de\\\/corporate-compliance\\\/\",\"url\":\"https:\\\/\\\/corporate.misterspex.com\\\/de\\\/corporate-compliance\\\/\",\"name\":\"Corporate Compliance - Mister Spex Corporate Website\",\"isPartOf\":{\"@id\":\"https:\\\/\\\/corporate.misterspex.com\\\/de\\\/#website\"},\"primaryImageOfPage\":{\"@id\":\"https:\\\/\\\/corporate.misterspex.com\\\/de\\\/corporate-compliance\\\/#primaryimage\"},\"image\":{\"@id\":\"https:\\\/\\\/corporate.misterspex.com\\\/de\\\/corporate-compliance\\\/#primaryimage\"},\"thumbnailUrl\":\"https:\\\/\\\/corporate.misterspex.com\\\/wp-content\\\/uploads\\\/2022\\\/12\\\/trends-heart-to-drop-710-6774519-scaled.jpg\",\"datePublished\":\"2022-10-24T21:01:22+00:00\",\"dateModified\":\"2025-12-10T15:02:24+00:00\",\"breadcrumb\":{\"@id\":\"https:\\\/\\\/corporate.misterspex.com\\\/de\\\/corporate-compliance\\\/#breadcrumb\"},\"inLanguage\":\"de\",\"potentialAction\":[{\"@type\":\"ReadAction\",\"target\":[\"https:\\\/\\\/corporate.misterspex.com\\\/de\\\/corporate-compliance\\\/\"]}]},{\"@type\":\"ImageObject\",\"inLanguage\":\"de\",\"@id\":\"https:\\\/\\\/corporate.misterspex.com\\\/de\\\/corporate-compliance\\\/#primaryimage\",\"url\":\"https:\\\/\\\/corporate.misterspex.com\\\/wp-content\\\/uploads\\\/2022\\\/12\\\/trends-heart-to-drop-710-6774519-scaled.jpg\",\"contentUrl\":\"https:\\\/\\\/corporate.misterspex.com\\\/wp-content\\\/uploads\\\/2022\\\/12\\\/trends-heart-to-drop-710-6774519-scaled.jpg\",\"width\":2560,\"height\":1709},{\"@type\":\"BreadcrumbList\",\"@id\":\"https:\\\/\\\/corporate.misterspex.com\\\/de\\\/corporate-compliance\\\/#breadcrumb\",\"itemListElement\":[{\"@type\":\"ListItem\",\"position\":1,\"name\":\"Home\",\"item\":\"https:\\\/\\\/corporate.misterspex.com\\\/de\\\/\"},{\"@type\":\"ListItem\",\"position\":2,\"name\":\"Corporate Compliance\"}]},{\"@type\":\"WebSite\",\"@id\":\"https:\\\/\\\/corporate.misterspex.com\\\/de\\\/#website\",\"url\":\"https:\\\/\\\/corporate.misterspex.com\\\/de\\\/\",\"name\":\"Mister Spex Corporate Website\",\"description\":\"Brillen-Online-Shop\",\"potentialAction\":[{\"@type\":\"SearchAction\",\"target\":{\"@type\":\"EntryPoint\",\"urlTemplate\":\"https:\\\/\\\/corporate.misterspex.com\\\/de\\\/?s={search_term_string}\"},\"query-input\":{\"@type\":\"PropertyValueSpecification\",\"valueRequired\":true,\"valueName\":\"search_term_string\"}}],\"inLanguage\":\"de\"}]}<\/script>\n<!-- \/ Yoast SEO plugin. -->","yoast_head_json":{"title":"Corporate Compliance - Mister Spex Corporate Website","robots":{"index":"index","follow":"follow","max-snippet":"max-snippet:-1","max-image-preview":"max-image-preview:large","max-video-preview":"max-video-preview:-1"},"canonical":"https:\/\/corporate.misterspex.com\/de\/corporate-compliance\/","og_locale":"de_DE","og_type":"article","og_title":"Corporate Compliance - Mister Spex Corporate Website","og_description":"Ein offenes Miteinander und die \u00dcbernahme von Verantwortung sind zentrale Werte von Mister Spex. Wir handeln nach hohen ethischen und rechtlichen Standards, die wir f\u00fcr die Zusammenarbeit mit unseren Lieferanten in unserem Supplier Code of Conduct und f\u00fcr unsere Mitarbeitende in unserem Code of Conduct festgehalten haben. Bei Verst\u00f6\u00dfen gegen unseren Kodex k\u00f6nnen diese \u00fcber [&hellip;]","og_url":"https:\/\/corporate.misterspex.com\/de\/corporate-compliance\/","og_site_name":"Mister Spex Corporate Website","article_modified_time":"2025-12-10T15:02:24+00:00","og_image":[{"width":2560,"height":1709,"url":"https:\/\/corporate.misterspex.com\/wp-content\/uploads\/2022\/12\/trends-heart-to-drop-710-6774519-scaled.jpg","type":"image\/jpeg"}],"twitter_card":"summary_large_image","twitter_misc":{"Gesch\u00e4tzte Lesezeit":"1\u00a0Minute"},"schema":{"@context":"https:\/\/schema.org","@graph":[{"@type":"WebPage","@id":"https:\/\/corporate.misterspex.com\/de\/corporate-compliance\/","url":"https:\/\/corporate.misterspex.com\/de\/corporate-compliance\/","name":"Corporate Compliance - Mister Spex Corporate Website","isPartOf":{"@id":"https:\/\/corporate.misterspex.com\/de\/#website"},"primaryImageOfPage":{"@id":"https:\/\/corporate.misterspex.com\/de\/corporate-compliance\/#primaryimage"},"image":{"@id":"https:\/\/corporate.misterspex.com\/de\/corporate-compliance\/#primaryimage"},"thumbnailUrl":"https:\/\/corporate.misterspex.com\/wp-content\/uploads\/2022\/12\/trends-heart-to-drop-710-6774519-scaled.jpg","datePublished":"2022-10-24T21:01:22+00:00","dateModified":"2025-12-10T15:02:24+00:00","breadcrumb":{"@id":"https:\/\/corporate.misterspex.com\/de\/corporate-compliance\/#breadcrumb"},"inLanguage":"de","potentialAction":[{"@type":"ReadAction","target":["https:\/\/corporate.misterspex.com\/de\/corporate-compliance\/"]}]},{"@type":"ImageObject","inLanguage":"de","@id":"https:\/\/corporate.misterspex.com\/de\/corporate-compliance\/#primaryimage","url":"https:\/\/corporate.misterspex.com\/wp-content\/uploads\/2022\/12\/trends-heart-to-drop-710-6774519-scaled.jpg","contentUrl":"https:\/\/corporate.misterspex.com\/wp-content\/uploads\/2022\/12\/trends-heart-to-drop-710-6774519-scaled.jpg","width":2560,"height":1709},{"@type":"BreadcrumbList","@id":"https:\/\/corporate.misterspex.com\/de\/corporate-compliance\/#breadcrumb","itemListElement":[{"@type":"ListItem","position":1,"name":"Home","item":"https:\/\/corporate.misterspex.com\/de\/"},{"@type":"ListItem","position":2,"name":"Corporate Compliance"}]},{"@type":"WebSite","@id":"https:\/\/corporate.misterspex.com\/de\/#website","url":"https:\/\/corporate.misterspex.com\/de\/","name":"Mister Spex Corporate Website","description":"Brillen-Online-Shop","potentialAction":[{"@type":"SearchAction","target":{"@type":"EntryPoint","urlTemplate":"https:\/\/corporate.misterspex.com\/de\/?s={search_term_string}"},"query-input":{"@type":"PropertyValueSpecification","valueRequired":true,"valueName":"search_term_string"}}],"inLanguage":"de"}]}},"_links":{"self":[{"href":"https:\/\/corporate.misterspex.com\/de\/wp-json\/wp\/v2\/pages\/26121","targetHints":{"allow":["GET"]}}],"collection":[{"href":"https:\/\/corporate.misterspex.com\/de\/wp-json\/wp\/v2\/pages"}],"about":[{"href":"https:\/\/corporate.misterspex.com\/de\/wp-json\/wp\/v2\/types\/page"}],"author":[{"embeddable":true,"href":"https:\/\/corporate.misterspex.com\/de\/wp-json\/wp\/v2\/users\/1"}],"replies":[{"embeddable":true,"href":"https:\/\/corporate.misterspex.com\/de\/wp-json\/wp\/v2\/comments?post=26121"}],"version-history":[{"count":6,"href":"https:\/\/corporate.misterspex.com\/de\/wp-json\/wp\/v2\/pages\/26121\/revisions"}],"predecessor-version":[{"id":32958,"href":"https:\/\/corporate.misterspex.com\/de\/wp-json\/wp\/v2\/pages\/26121\/revisions\/32958"}],"wp:featuredmedia":[{"embeddable":true,"href":"https:\/\/corporate.misterspex.com\/de\/wp-json\/wp\/v2\/media\/26358"}],"wp:attachment":[{"href":"https:\/\/corporate.misterspex.com\/de\/wp-json\/wp\/v2\/media?parent=26121"}],"curies":[{"name":"wp","href":"https:\/\/api.w.org\/{rel}","templated":true}]}}