{"id":2659,"date":"2015-09-21T21:09:38","date_gmt":"2015-09-21T19:09:38","guid":{"rendered":"https:\/\/corporate.misterspex.com\/?page_id=2659"},"modified":"2025-11-11T11:55:58","modified_gmt":"2025-11-11T10:55:58","slug":"erfolgsgeschichte","status":"publish","type":"page","link":"https:\/\/corporate.misterspex.com\/de\/unternehmen\/erfolgsgeschichte\/","title":{"rendered":"Erfolgsgeschichte"},"content":{"rendered":"<h2>Mister Spex \u2013 eine Erfolgsgeschichte<\/h2>\n<p><span data-contrast=\"auto\">Rund 40 Millionen Deutsche ben\u00f6tigen eine Sehhilfe. Heute tragen viele Menschen gerne Brille. Dabei galten Brillen \u00fcber Jahre hinweg eher als notwendiges \u00dcbel als ein modisches <\/span><span data-contrast=\"auto\">Accessoire. Der Grund f\u00fcr den Unmut der Kundinnen und Kunden lag auch in den hohen und extrem intransparenten Preisen von Rahmen und Gl\u00e4sern begr\u00fcndet, sowie in einem Einkaufserlebnis, das wenig emotionale Highlights bot.<\/span><span data-ccp-props=\"{&quot;201341983&quot;:0,&quot;335559685&quot;:708,&quot;335559739&quot;:160,&quot;335559740&quot;:259}\">\u00a0<\/span><\/p>\n<p><span data-contrast=\"auto\">In Zeiten der <\/span><span data-contrast=\"auto\">fortschreitenden<\/span><span data-contrast=\"auto\"> Digitalisierung Anfang des neuen Jahrtausends stellte sich Dirk <\/span><span data-contrast=\"auto\">Graber<\/span><span data-contrast=\"auto\"> die Frage, ob und, wenn ja, wie Kundinnen und Kunden in der Augenoptik vom Internet profitieren k\u00f6nnten. Seine Vision: Die Vorteile des E-Commerce \u2013 ein gr\u00f6\u00dferes, sofort verf\u00fcgbares modisches Sortiment und transparente Preismodelle \u2013 in die Augenoptik zu bringen und damit neue Art des Brillenkaufs zu etablieren.<\/span><span data-ccp-props=\"{&quot;201341983&quot;:0,&quot;335559685&quot;:708,&quot;335559739&quot;:160,&quot;335559740&quot;:259}\">\u00a0<\/span><\/p>\n","protected":false},"excerpt":{"rendered":"<p>Mister Spex \u2013 eine Erfolgsgeschichte Rund 40 Millionen Deutsche ben\u00f6tigen eine Sehhilfe. Heute tragen viele Menschen gerne Brille. Dabei galten Brillen \u00fcber Jahre hinweg eher als notwendiges \u00dcbel als ein modisches Accessoire. Der Grund f\u00fcr den Unmut der Kundinnen und Kunden lag auch in den hohen und extrem intransparenten Preisen von Rahmen und Gl\u00e4sern begr\u00fcndet, [&hellip;]<\/p>\n","protected":false},"author":1,"featured_media":26174,"parent":2,"menu_order":34,"comment_status":"closed","ping_status":"closed","template":"page-erfolgsgeschichte.php","meta":{"_acf_changed":false,"footnotes":""},"class_list":["post-2659","page","type-page","status-publish","has-post-thumbnail","hentry"],"acf":[],"yoast_head":"<!-- This site is optimized with the Yoast SEO plugin v27.4 - https:\/\/yoast.com\/product\/yoast-seo-wordpress\/ -->\n<title>Erfolgsgeschichte - Mister Spex Corporate Website<\/title>\n<meta name=\"description\" content=\"Die Vision von Mister Spex: Die Vorteile des E-Commerce in die Augenoptik zu bringen und damit neue Art des Brillenkaufs zu etablieren.\u00a0\" \/>\n<meta name=\"robots\" content=\"index, follow, max-snippet:-1, max-image-preview:large, max-video-preview:-1\" \/>\n<link rel=\"canonical\" href=\"https:\/\/corporate.misterspex.com\/de\/unternehmen\/erfolgsgeschichte\/\" \/>\n<meta property=\"og:locale\" content=\"de_DE\" \/>\n<meta property=\"og:type\" content=\"article\" \/>\n<meta property=\"og:title\" content=\"Erfolgsgeschichte - Mister Spex Corporate Website\" \/>\n<meta property=\"og:description\" content=\"Die Vision von Mister Spex: Die Vorteile des E-Commerce in die Augenoptik zu bringen und damit neue Art des Brillenkaufs zu etablieren.\u00a0\" \/>\n<meta property=\"og:url\" content=\"https:\/\/corporate.misterspex.com\/de\/unternehmen\/erfolgsgeschichte\/\" \/>\n<meta property=\"og:site_name\" content=\"Mister Spex Corporate Website\" \/>\n<meta property=\"article:modified_time\" content=\"2025-11-11T10:55:58+00:00\" \/>\n<meta property=\"og:image\" content=\"https:\/\/corporate.misterspex.com\/wp-content\/uploads\/2022\/11\/mister-spex-store-guetersloh.jpg\" \/>\n\t<meta property=\"og:image:width\" content=\"2507\" \/>\n\t<meta property=\"og:image:height\" content=\"1672\" \/>\n\t<meta property=\"og:image:type\" content=\"image\/jpeg\" \/>\n<meta name=\"twitter:card\" content=\"summary_large_image\" \/>\n<meta name=\"twitter:label1\" content=\"Gesch\u00e4tzte Lesezeit\" \/>\n\t<meta name=\"twitter:data1\" content=\"1\u00a0Minute\" \/>\n<script type=\"application\/ld+json\" class=\"yoast-schema-graph\">{\"@context\":\"https:\\\/\\\/schema.org\",\"@graph\":[{\"@type\":\"WebPage\",\"@id\":\"https:\\\/\\\/corporate.misterspex.com\\\/de\\\/unternehmen\\\/erfolgsgeschichte\\\/\",\"url\":\"https:\\\/\\\/corporate.misterspex.com\\\/de\\\/unternehmen\\\/erfolgsgeschichte\\\/\",\"name\":\"Erfolgsgeschichte - Mister Spex Corporate Website\",\"isPartOf\":{\"@id\":\"https:\\\/\\\/corporate.misterspex.com\\\/de\\\/#website\"},\"primaryImageOfPage\":{\"@id\":\"https:\\\/\\\/corporate.misterspex.com\\\/de\\\/unternehmen\\\/erfolgsgeschichte\\\/#primaryimage\"},\"image\":{\"@id\":\"https:\\\/\\\/corporate.misterspex.com\\\/de\\\/unternehmen\\\/erfolgsgeschichte\\\/#primaryimage\"},\"thumbnailUrl\":\"https:\\\/\\\/corporate.misterspex.com\\\/wp-content\\\/uploads\\\/2022\\\/11\\\/mister-spex-store-guetersloh.jpg\",\"datePublished\":\"2015-09-21T19:09:38+00:00\",\"dateModified\":\"2025-11-11T10:55:58+00:00\",\"description\":\"Die Vision von Mister Spex: Die Vorteile des E-Commerce in die Augenoptik zu bringen und damit neue Art des Brillenkaufs zu etablieren.\u00a0\",\"breadcrumb\":{\"@id\":\"https:\\\/\\\/corporate.misterspex.com\\\/de\\\/unternehmen\\\/erfolgsgeschichte\\\/#breadcrumb\"},\"inLanguage\":\"de\",\"potentialAction\":[{\"@type\":\"ReadAction\",\"target\":[\"https:\\\/\\\/corporate.misterspex.com\\\/de\\\/unternehmen\\\/erfolgsgeschichte\\\/\"]}]},{\"@type\":\"ImageObject\",\"inLanguage\":\"de\",\"@id\":\"https:\\\/\\\/corporate.misterspex.com\\\/de\\\/unternehmen\\\/erfolgsgeschichte\\\/#primaryimage\",\"url\":\"https:\\\/\\\/corporate.misterspex.com\\\/wp-content\\\/uploads\\\/2022\\\/11\\\/mister-spex-store-guetersloh.jpg\",\"contentUrl\":\"https:\\\/\\\/corporate.misterspex.com\\\/wp-content\\\/uploads\\\/2022\\\/11\\\/mister-spex-store-guetersloh.jpg\",\"width\":2507,\"height\":1672},{\"@type\":\"BreadcrumbList\",\"@id\":\"https:\\\/\\\/corporate.misterspex.com\\\/de\\\/unternehmen\\\/erfolgsgeschichte\\\/#breadcrumb\",\"itemListElement\":[{\"@type\":\"ListItem\",\"position\":1,\"name\":\"Home\",\"item\":\"https:\\\/\\\/corporate.misterspex.com\\\/de\\\/\"},{\"@type\":\"ListItem\",\"position\":2,\"name\":\"Unternehmen\",\"item\":\"https:\\\/\\\/corporate.misterspex.com\\\/de\\\/\"},{\"@type\":\"ListItem\",\"position\":3,\"name\":\"Erfolgsgeschichte\"}]},{\"@type\":\"WebSite\",\"@id\":\"https:\\\/\\\/corporate.misterspex.com\\\/de\\\/#website\",\"url\":\"https:\\\/\\\/corporate.misterspex.com\\\/de\\\/\",\"name\":\"Mister Spex Corporate Website\",\"description\":\"Brillen-Online-Shop\",\"potentialAction\":[{\"@type\":\"SearchAction\",\"target\":{\"@type\":\"EntryPoint\",\"urlTemplate\":\"https:\\\/\\\/corporate.misterspex.com\\\/de\\\/?s={search_term_string}\"},\"query-input\":{\"@type\":\"PropertyValueSpecification\",\"valueRequired\":true,\"valueName\":\"search_term_string\"}}],\"inLanguage\":\"de\"}]}<\/script>\n<!-- \/ Yoast SEO plugin. -->","yoast_head_json":{"title":"Erfolgsgeschichte - Mister Spex Corporate Website","description":"Die Vision von Mister Spex: Die Vorteile des E-Commerce in die Augenoptik zu bringen und damit neue Art des Brillenkaufs zu etablieren.\u00a0","robots":{"index":"index","follow":"follow","max-snippet":"max-snippet:-1","max-image-preview":"max-image-preview:large","max-video-preview":"max-video-preview:-1"},"canonical":"https:\/\/corporate.misterspex.com\/de\/unternehmen\/erfolgsgeschichte\/","og_locale":"de_DE","og_type":"article","og_title":"Erfolgsgeschichte - Mister Spex Corporate Website","og_description":"Die Vision von Mister Spex: Die Vorteile des E-Commerce in die Augenoptik zu bringen und damit neue Art des Brillenkaufs zu etablieren.\u00a0","og_url":"https:\/\/corporate.misterspex.com\/de\/unternehmen\/erfolgsgeschichte\/","og_site_name":"Mister Spex Corporate Website","article_modified_time":"2025-11-11T10:55:58+00:00","og_image":[{"width":2507,"height":1672,"url":"https:\/\/corporate.misterspex.com\/wp-content\/uploads\/2022\/11\/mister-spex-store-guetersloh.jpg","type":"image\/jpeg"}],"twitter_card":"summary_large_image","twitter_misc":{"Gesch\u00e4tzte Lesezeit":"1\u00a0Minute"},"schema":{"@context":"https:\/\/schema.org","@graph":[{"@type":"WebPage","@id":"https:\/\/corporate.misterspex.com\/de\/unternehmen\/erfolgsgeschichte\/","url":"https:\/\/corporate.misterspex.com\/de\/unternehmen\/erfolgsgeschichte\/","name":"Erfolgsgeschichte - Mister Spex Corporate Website","isPartOf":{"@id":"https:\/\/corporate.misterspex.com\/de\/#website"},"primaryImageOfPage":{"@id":"https:\/\/corporate.misterspex.com\/de\/unternehmen\/erfolgsgeschichte\/#primaryimage"},"image":{"@id":"https:\/\/corporate.misterspex.com\/de\/unternehmen\/erfolgsgeschichte\/#primaryimage"},"thumbnailUrl":"https:\/\/corporate.misterspex.com\/wp-content\/uploads\/2022\/11\/mister-spex-store-guetersloh.jpg","datePublished":"2015-09-21T19:09:38+00:00","dateModified":"2025-11-11T10:55:58+00:00","description":"Die Vision von Mister Spex: Die Vorteile des E-Commerce in die Augenoptik zu bringen und damit neue Art des Brillenkaufs zu etablieren.\u00a0","breadcrumb":{"@id":"https:\/\/corporate.misterspex.com\/de\/unternehmen\/erfolgsgeschichte\/#breadcrumb"},"inLanguage":"de","potentialAction":[{"@type":"ReadAction","target":["https:\/\/corporate.misterspex.com\/de\/unternehmen\/erfolgsgeschichte\/"]}]},{"@type":"ImageObject","inLanguage":"de","@id":"https:\/\/corporate.misterspex.com\/de\/unternehmen\/erfolgsgeschichte\/#primaryimage","url":"https:\/\/corporate.misterspex.com\/wp-content\/uploads\/2022\/11\/mister-spex-store-guetersloh.jpg","contentUrl":"https:\/\/corporate.misterspex.com\/wp-content\/uploads\/2022\/11\/mister-spex-store-guetersloh.jpg","width":2507,"height":1672},{"@type":"BreadcrumbList","@id":"https:\/\/corporate.misterspex.com\/de\/unternehmen\/erfolgsgeschichte\/#breadcrumb","itemListElement":[{"@type":"ListItem","position":1,"name":"Home","item":"https:\/\/corporate.misterspex.com\/de\/"},{"@type":"ListItem","position":2,"name":"Unternehmen","item":"https:\/\/corporate.misterspex.com\/de\/"},{"@type":"ListItem","position":3,"name":"Erfolgsgeschichte"}]},{"@type":"WebSite","@id":"https:\/\/corporate.misterspex.com\/de\/#website","url":"https:\/\/corporate.misterspex.com\/de\/","name":"Mister Spex Corporate Website","description":"Brillen-Online-Shop","potentialAction":[{"@type":"SearchAction","target":{"@type":"EntryPoint","urlTemplate":"https:\/\/corporate.misterspex.com\/de\/?s={search_term_string}"},"query-input":{"@type":"PropertyValueSpecification","valueRequired":true,"valueName":"search_term_string"}}],"inLanguage":"de"}]}},"_links":{"self":[{"href":"https:\/\/corporate.misterspex.com\/de\/wp-json\/wp\/v2\/pages\/2659","targetHints":{"allow":["GET"]}}],"collection":[{"href":"https:\/\/corporate.misterspex.com\/de\/wp-json\/wp\/v2\/pages"}],"about":[{"href":"https:\/\/corporate.misterspex.com\/de\/wp-json\/wp\/v2\/types\/page"}],"author":[{"embeddable":true,"href":"https:\/\/corporate.misterspex.com\/de\/wp-json\/wp\/v2\/users\/1"}],"replies":[{"embeddable":true,"href":"https:\/\/corporate.misterspex.com\/de\/wp-json\/wp\/v2\/comments?post=2659"}],"version-history":[{"count":10,"href":"https:\/\/corporate.misterspex.com\/de\/wp-json\/wp\/v2\/pages\/2659\/revisions"}],"predecessor-version":[{"id":32873,"href":"https:\/\/corporate.misterspex.com\/de\/wp-json\/wp\/v2\/pages\/2659\/revisions\/32873"}],"up":[{"embeddable":true,"href":"https:\/\/corporate.misterspex.com\/de\/wp-json\/wp\/v2\/pages\/2"}],"wp:featuredmedia":[{"embeddable":true,"href":"https:\/\/corporate.misterspex.com\/de\/wp-json\/wp\/v2\/media\/26174"}],"wp:attachment":[{"href":"https:\/\/corporate.misterspex.com\/de\/wp-json\/wp\/v2\/media?parent=2659"}],"curies":[{"name":"wp","href":"https:\/\/api.w.org\/{rel}","templated":true}]}}