{"id":8289,"date":"2018-06-13T12:16:18","date_gmt":"2018-06-13T10:16:18","guid":{"rendered":"https:\/\/corporate.misterspex.com\/?page_id=8289"},"modified":"2025-02-14T16:26:34","modified_gmt":"2025-02-14T15:26:34","slug":"datenschutz","status":"publish","type":"page","link":"https:\/\/corporate.misterspex.com\/de\/datenschutz\/","title":{"rendered":"Datenschutzerkl\u00e4rung"},"content":{"rendered":"<h5>1. Verantwortliche Stelle<\/h5>\n<p>Verantwortliche Stelle f\u00fcr die Verarbeitung personenbezogener Daten ist:<\/p>\n<p><strong>Mister Spex SE<\/strong><br \/>\nHermann-Blankenstein-Stra\u00dfe 24<br \/>\n10249 Berlin<\/p>\n<p>Kundenservice:\u00a0 030 325 000 50 (kostenlos in DE und AT)<br \/>\nFax: 030-4431230-25<\/p>\n<p>Unser Datenschutzbeauftragter ist zu erreichen unter:<\/p>\n<p><strong>Mister Spex SE<br \/>\n<\/strong>&#8211; Datenschutzbeauftragter der Mister Spex SE &#8211;<br \/>\nHermann-Blankenstein-Stra\u00dfe 24,<br \/>\n10249 Berlin<br \/>\nE-Mail: <a href=\"mailto:datenschutz@misterspex.de\">datenschutz@misterspex.de<\/a><\/p>\n<p>&nbsp;<\/p>\n<h5>2. Zwecke der Datenverarbeitung, Rechtsgrundlagen und berechtigte Interessen sowie Kategorien von Empf\u00e4ngern<\/h5>\n<h5>a) Aufrufen unserer Website\/Applikation<\/h5>\n<p>Beim Aufrufen unserer Website werden durch den auf Ihrem Endger\u00e4t zum Einsatz kommenden Browser automatisch Informationen an den Hostingprovider der Seiten gesendet und tempor\u00e4r in einem sogenannten Log-File gespeichert. Folgende Informationen werden dabei auch ohne Ihr Zutun erfasst und bis zur automatisierten L\u00f6schung gespeichert:<\/p>\n<ul>\n<li>die IP-Adresse des anfragenden internetf\u00e4higen Ger\u00e4tes,<\/li>\n<li>das Datum und die Uhrzeit des Zugriffs,<\/li>\n<li>der Name und die URL der abgerufenen Datei,<\/li>\n<li>die Website\/Applikation, von der aus der Zugriff erfolgte (Referrer-URL),<\/li>\n<li>der von Ihnen verwendete Browser und ggfs. das Betriebssystem Ihres internetf\u00e4higen Rechners sowie der Name Ihres Access-Providers.<\/li>\n<\/ul>\n<p>Die Rechtsgrundlage f\u00fcr die Verarbeitung der IP-Adresse ist Art. 6 Abs. 1 lit. f) DSGVO. Das berechtigte Interesse folgt aus den nachfolgend aufgelisteten Zwecken der Datenerhebung:<\/p>\n<ul>\n<li>Gew\u00e4hrleistung eines reibungslosen Verbindungsaufbaus,<\/li>\n<li>Gew\u00e4hrleistung einer komfortablen Nutzung unserer Website,<\/li>\n<li>Auswertung der Systemsicherheit und -stabilit\u00e4t sowie<\/li>\n<li>weitere administrative Zwecke.<\/li>\n<\/ul>\n<p>Die Daten werden so lange durch den Hostingprovider gespeichert, wie die Daten zur Sicherstellung der oben definierten berechtigten Interessen dienen und danach automatisch gel\u00f6scht.<\/p>\n<h5>b) Sonstige Datenerhebung auf unserer Seite<\/h5>\n<p>Im Folgenden finden Sie Details bez\u00fcglich Datenerhebungen auf unserer Seite. Dabei werden alle Daten sicher per SSL-Verschl\u00fcsselung \u00fcbermittelt.<\/p>\n<h5>i. Informationen f\u00fcr Bewerber<\/h5>\n<p>Um sich bei uns online bewerben zu k\u00f6nnen, fragen wir einige f\u00fcr die Bearbeitung der Bewerbung notwendige Daten ab. Dabei ist nur die Angabe von Anrede, Vor- und Nachname, E-Mailadresse und Lebenslauf verpflichtend. Rechtsgrundlage f\u00fcr die Verarbeitung der von Ihnen \u00fcbermittelten Daten ist Art. 6 Abs. 1 lit. b) DSGVO i.V.m. \u00a7 26 Abs. 1 BDSG. F\u00fcr unser E-Recruiting bedienen wir uns eines externen Dienstleisters. Wir nutzen die Daten nur zur Bearbeitung Ihrer Bewerbung und Ber\u00fccksichtigung Ihrer Person im entsprechenden Bewerbungsvorgang.<\/p>\n<p>Sollte der Bewerbungsprozess positiv verlaufen und wir stellen Sie ein, richtet sich die Dauer der Speicherung Ihrer Daten nach den gesetzlichen Aufbewahrungspflichten.<\/p>\n<p>Im Falle einer Absage werden die Daten nach Abschluss des Bewerbungsverfahrens unverz\u00fcglich gesperrt und nach Ablauf von 6 Monaten gel\u00f6scht. Dies gilt nicht f\u00fcr den Fall, sollten Sie sich auf Angebot unsererseits f\u00fcr die Aufnahme in unseren Talentpool entscheiden. In diesem Fall werden wir Ihre Daten f\u00fcr die Dauer von 24 Monaten im Talentpool speichern und diese zum Zwecke der Kontaktaufnahme zu Ihnen nutzen, sollte eine potentiell auf Ihr Profil passende Vakanz entstehen. Sofern Sie uns keine erneute Einwilligung zur Speicherung der Daten erteilen, l\u00f6schen wir Ihre Daten nach 24 Monaten. Rechtsgrundlage f\u00fcr die Speicherung \u00fcber den konkreten Bewerbungsvorgang hinaus ist Ihre Einwilligung gem. Art. 6 I a) DSGVO, die Sie jederzeit widerrufen k\u00f6nnen.<\/p>\n<p>Wir bieten Ihnen au\u00dferdem die M\u00f6glichkeit, sich f\u00fcr unsere Jobempfehlungsmails anzumelden und diese Einstellungen in einem passwortgesch\u00fctzten Bereich zu verwalten. Um sicher gehen zu k\u00f6nnen, dass bei der Eingabe der E-Mail-Adresse keine Fehler unterlaufen sind, setzen wir das sog. Double-Opt-In-Verfahren ein: Nachdem Sie Ihre E-Mail-Adresse in das Anmeldefeld eingegeben haben, \u00fcbersenden wir Ihnen einen Best\u00e4tigungslink. Erst wenn Sie diesen Best\u00e4tigungslink anklicken, wird Ihre E-Mail-Adresse in unseren Verteiler aufgenommen. Die Verarbeitung Ihrer elektronischen Kontaktdaten zu diesem Zweck erfolgt somit allein auf Grundlage Ihrer Einwilligung (Art. 6 Abs. 1 lit. a) DSGVO), diese werden bis zum Widerruf der Einwilligung gespeichert. Sie k\u00f6nnen Ihre so erkl\u00e4rte Einwilligung jederzeit mit Wirkung f\u00fcr die Zukunft ohne Angabe von Gr\u00fcnden widerrufen. Hierf\u00fcr reicht ein kurzer Hinweis per Email an <a href=\"mailto:jobs@misterspex.de\" target=\"_blank\" rel=\"noopener noreferrer\">jobs@misterspex.de<\/a>. Die Verarbeitung Ihrer Daten zur Einrichtung des passwortgesch\u00fctzten Bereichs erfolgt auf Grundlage des Art. 6 Abs. 1 lit. b) DSGVO und zum Zweck der Bereitstellung Ihres pers\u00f6nlichen Bereichs. Verarbeitet werden dazu Ihre E-Mailadresse sowie die von Ihnen freiwillig nach Anmeldung angegebenen Daten bis auf Widerruf durch Sie.<\/p>\n<h5>ii. Partneroptikeranfrage<\/h5>\n<p>Wir bieten die M\u00f6glichkeit f\u00fcr Optiker, sich mit uns im Hinblick auf eine m\u00f6gliche Kooperation im Rahmen unseres Partneroptikerprogramms durch die Nutzung des entsprechenden Onlineformulars in Verbindung zu setzen. Wir nutzen die von Ihnen \u00fcbermittelten Daten ausschlie\u00dflich zur Evaluierung potenzieller M\u00f6glichkeiten der Zusammenarbeit. Rechtsgrundlage f\u00fcr die Verarbeitung der von Ihnen \u00fcbermittelten Daten ist Art. 6 Abs. 1 lit. b) DSGVO. Sollte es zu keiner Kooperation kommen, l\u00f6schen wir die Daten unverz\u00fcglich nach Absage.<\/p>\n<h5>iii. Einbindung von YouTube Videos<\/h5>\n<p>Auf dieser Website setzen wir zum Einbinden von Videos den Anbieter YouTube ein. Die Einbettung von Videos erfolgt dabei unter Inanspruchnahme des erweiterten Datenschutzmodus. Daf\u00fcr gilt folgendes: Wenn Sie eine Seite aufrufen, auf der ein solches Video eingebettet ist, wird eine Verbindung zu den Servern von YouTube hergestellt. Laut Angaben von YouTube werden nur dann Informationen (z.B. auf welcher Internetseite Sie sich derzeit befinden) an YouTube \u00fcbermittelt, wenn Sie sich das Video anschauen. Eine Zuordnung zu Ihrem YouTube Account geschieht dann, falls Sie zu diesem Zeitpunkt bei YouTube eingeloggt sind. Wollen Sie dies verhindern, loggen Sie sich dementsprechend vor Besuch unserer Homepage aus. Weitere Informationen zum Datenschutz von YouTube werden von Google unter dem folgenden Link bereitgestellt: <a href=\"https:\/\/www.google.de\/intl\/de\/policies\/privacy\/\" target=\"_blank\" rel=\"noopener noreferrer\">https:\/\/www.google.de\/intl\/de\/policies\/privacy\/<\/a>.<\/p>\n<h5><strong>iv. Kontaktformular Investor Relations<\/strong><\/h5>\n<p>Wir bieten im Rahmen von Anfragen rund um das Thema Investor Relations die M\u00f6glichkeit, uns \u00fcber ein Onlineformular zu kontaktieren. Wir nutzen die von Ihnen \u00fcbermittelten Daten ausschlie\u00dflich zur Beantwortung Ihrer konkreten Fragen. Rechtsgrundlage f\u00fcr die Verarbeitung der von Ihnen \u00fcbermittelten Daten ist Art. 6 Abs. 1 lit. b) DSGVO. Verarbeitet werden dazu Ihre E-Mailadresse sowie die von Ihnen freiwillig nach Anmeldung angegebenen Daten bis auf Widerruf durch Sie. Die Daten werden gel\u00f6scht, sobald sie nicht mehr erforderlich sind.<\/p>\n<p>&nbsp;<\/p>\n<h5>3. Onlineauftritt und Webseitenoptimierung<\/h5>\n<h5>a) Allgemeine Hinweise zu Cookies<\/h5>\n<p>Wir setzen auf unserer Website auf Grundlage des Art. 6 Abs. 1 lit. f) DSGVO sogenannte Cookies ein, um die Nutzung unserer Website statistisch zu erfassen und zum Zwecke der Optimierung unseres Angebotes f\u00fcr Sie auszuwerten. Unser Interesse, unsere Webseite zu optimieren, ist dabei als berechtigt im Sinne der vorgenannten Vorschrift anzusehen.<\/p>\n<p>Bei Cookies handelt es sich um kleine Dateien, die Ihr Browser automatisch erstellt und die auf Ihrem Endger\u00e4t gespeichert werden, wenn Sie unsere Seite besuchen. Cookies richten auf Ihrem Endger\u00e4t keinen Schaden an, enthalten keine Viren, Trojaner oder sonstige Schadsoftware. In dem Cookie werden Informationen abgelegt, die sich jeweils im Zusammenhang mit dem spezifisch eingesetzten Endger\u00e4t ergeben. Dies bedeutet jedoch nicht, dass wir dadurch unmittelbar Kenntnis von Ihrer Identit\u00e4t erhalten. Der Einsatz von Cookies dient dazu, die Nutzung unseres Angebots f\u00fcr Sie angenehmer zu gestalten. Diese Cookies werden nach einer jeweils definierten Zeit automatisch gel\u00f6scht. Die meisten Browser akzeptieren Cookies automatisch. Sie k\u00f6nnen Ihren Browser jedoch so konfigurieren, dass keine Cookies auf Ihrem Computer gespeichert werden oder stets ein Hinweis erscheint, bevor ein neues Cookie angelegt wird. Die vollst\u00e4ndige Deaktivierung von Cookies kann jedoch dazu f\u00fchren, dass Sie nicht alle Funktionen unserer Website nutzen k\u00f6nnen. Die Speicherdauer der Cookies ist abh\u00e4ngig von ihrem Verwendungszweck und nicht f\u00fcr alle gleich.<\/p>\n<h5>b) Tracking- und Websiteananylsetools<\/h5>\n<p>Zum Zwecke der bedarfsgerechten Gestaltung und fortlaufenden Optimierung unserer Seiten nutzen wir auf Grundlage des Art. 6 Abs. 1 lit. f) DSGVO folgende Tools. Dies stellt zugleich unser hier verfolgtes berechtigtes Interesse dar.<\/p>\n<h5>i. Google Analytics<\/h5>\n<p>Diese Website benutzt Google Analytics, einen Webanalysedienst der Google Inc. (\u201eGoogle\u201c). Google Analytics verwendet sog. \u201eCookies\u201c, Textdateien, die auf Ihrem Computer gespeichert werden und die eine Analyse der Benutzung der Website durch Sie erm\u00f6glichen. Die durch den Cookie erzeugten Informationen \u00fcber Ihre Benutzung dieser Website werden in der Regel an einen Server von Google in den USA \u00fcbertragen und dort gespeichert. Im Falle der Aktivierung der IP-Anonymisierung auf dieser Webseite, wird Ihre IP-Adresse von Google jedoch innerhalb von Mitgliedstaaten der Europ\u00e4ischen Union oder in anderen Vertragsstaaten des Abkommens \u00fcber den Europ\u00e4ischen Wirtschaftsraum zuvor gek\u00fcrzt. Nur in Ausnahmef\u00e4llen wird die volle IP-Adresse an einen Server von Google in den USA \u00fcbertragen und dort gek\u00fcrzt. Im Auftrag des Betreibers dieser Website wird Google diese Informationen benutzen, um Ihre Nutzung der Website auszuwerten, um Reports \u00fcber die Websiteaktivit\u00e4ten zusammenzustellen und um weitere mit der Websitenutzung und der Internetnutzung verbundene Dienstleistungen gegen\u00fcber dem Websitebetreiber zu erbringen. Die im Rahmen von Google Analytics von Ihrem Browser \u00fcbermittelte IP-Adresse wird nicht mit anderen Daten von Google zusammengef\u00fchrt. Sie k\u00f6nnen die Speicherung der Cookies durch eine entsprechende Einstellung Ihrer Browser-Software verhindern; wir weisen Sie jedoch darauf hin, dass Sie in diesem Fall gegebenenfalls nicht s\u00e4mtliche Funktionen dieser Website vollumf\u00e4nglich werden nutzen k\u00f6nnen.<\/p>\n<p>Der Datenerhebung und -speicherung kann jederzeit mit Wirkung f\u00fcr die Zukunft widersprochen werden, indem sie das unter dem folgenden Link verf\u00fcgbare Browser-Plugin herunterladen und installieren <a href=\"http:\/\/tools.google.com\/dlpage\/gaoptout?hl=de\" target=\"_blank\" rel=\"noopener noreferrer\">http:\/\/tools.google.com\/dlpage\/gaoptout?hl=de<\/a>. Angesichts der Diskussion um den Einsatz von Analysetools mit vollst\u00e4ndigen IP-Adressen m\u00f6chten wir darauf hinweisen, dass diese Website Google Analytics mit der Erweiterung \u201e_anonymizeIp()\u201c verwendet und daher IP-Adressen nur gek\u00fcrzt weiterverarbeitet werden, um eine direkte Personenbeziehbarkeit auszuschlie\u00dfen.<\/p>\n<p>&nbsp;<\/p>\n<h5>4. Empf\u00e4nger au\u00dferhalb der EU<\/h5>\n<p>Folgende Empf\u00e4nger Ihrer Daten haben Ihren Sitz au\u00dferhalb der Europ\u00e4ischen Union: Google Inc. (Anbieter von Trackingtechnologien), Pagely, Inc. (Hostingdienstleister). Die Daten\u00fcbermittlung erfolgt nach den Grunds\u00e4tzen des sogenannten Privacy Shield.<\/p>\n<p><strong>\u00a0<\/strong><\/p>\n<h5>5. Rechte der Nutzer<\/h5>\n<h5>a) Widerruf von Einwilligungen<\/h5>\n<p>Soweit Sie uns im Rahmen der Nutzung der Website eine Einwilligung in die Erhebung, Speicherung und Nutzung personenbezogener Daten erteilt haben, k\u00f6nnen Sie diese Einwilligung jederzeit widerrufen. Der Widerruf ber\u00fchrt nicht die Rechtm\u00e4\u00dfigkeit bereits erfolgter Datenverarbeitungen. Der Widerruf kann per E-Mail oder schriftlich an die unter Ziffer 1 benannten Kontakte gerichtet werden. Die Wirkungen des Widerrufs beschr\u00e4nken sich auf die Speicherung und Nutzung personenbezogener Daten, die nicht bereits aufgrund gesetzlicher Erlaubnistatbest\u00e4nde auch ohne Ihre Einwilligung gespeichert und genutzt werden d\u00fcrfen.<\/p>\n<h5>b) Auskunft, Berichtigung, L\u00f6schung, Einschr\u00e4nkung, Daten\u00fcbertragbarkeit<\/h5>\n<p>Auf schriftliche oder in Textform kommunizierte Anforderung geben wir Ihnen gem. Art. 15 DSGVO jederzeit dar\u00fcber Auskunft, welche personenbezogenen Daten \u00fcber Sie bei uns gespeichert sind. Sie haben dar\u00fcber hinaus jederzeit die M\u00f6glichkeit, Ihre personenbezogenen Daten durch uns gem. Art. 16 DSGVO berichtigen zu lassen. Liegen die Voraussetzungen von Art. 17 DSGVO vor, so haben Sie ein Recht auf L\u00f6schung. Unter den Voraussetzungen von Art. 18 DSGVO k\u00f6nnen Sie die Verarbeitung Ihrer bei uns gespeicherten Daten gem. Art. 18 DSGVO einschr\u00e4nken lassen. Zudem haben Sie unter den Voraussetzungen des Art. 20 DSGVO ein Recht auf Daten\u00fcbertragbarkeit. Basiert Ihre Datenverarbeitung auf Art. 6 Abs. 1 lit. e) oder f) DSGVO haben Sie das Recht der Verarbeitung nach Art. 21 DSGVO zu widersprechen. Wenden Sie sich hierzu bitte an die in Ziffer 1 genannte Stelle. Sie haben auch das Recht nach Art. 22 DSGVO nicht einer ausschlie\u00dflich auf einer automatisierten Verarbeitung \u2013 einschlie\u00dflich Profiling \u2013 beruhenden Entscheidung unterworfen zu werden, die Ihnen gegen\u00fcber rechtliche Wirkung entfaltet oder Sie in \u00e4hnlicher Weise erheblich beeintr\u00e4chtigt. Dar\u00fcber hinaus besteht die M\u00f6glichkeit, sich bei der f\u00fcr Sie zust\u00e4ndigen Aufsichtsbeh\u00f6rde zu beschweren.<\/p>\n<p>&nbsp;<\/p>\n<h5>6. Ihre Pflicht Daten bereitzustellen<\/h5>\n<p>Sie haben grunds\u00e4tzlich keine vertragliche oder gesetzliche Pflicht, uns personenbezogene Daten bereitzustellen. Sollten Sie allerdings nicht die von uns jeweils nachgefragten und als Pflichtfelder gekennzeichneten personenbezogenen Daten bereitstellen, so sind wir nicht in der Lage, Ihnen den angefragten Service zur Verf\u00fcgung zu stellen.<\/p>\n<p>&nbsp;<\/p>\n<h5>7. Bestehen einer automatisierten Entscheidungsfindung<\/h5>\n<p>Wir verwenden keine ausschlie\u00dflich auf einer automatisierten Verarbeitung \u2013 einschlie\u00dflich Profiling \u2013 beruhenden Entscheidungen, die Ihnen gegen\u00fcber rechtliche Wirkung entfalten oder Sie in \u00e4hnlicher Weise erheblich beeintr\u00e4chtigen.<\/p>\n<p>Stand: Juli 2023<\/p>\n","protected":false},"excerpt":{"rendered":"<p>1. Verantwortliche Stelle Verantwortliche Stelle f\u00fcr die Verarbeitung personenbezogener Daten ist: Mister Spex SE Hermann-Blankenstein-Stra\u00dfe 24 10249 Berlin Kundenservice:\u00a0 030 325 000 50 (kostenlos in DE und AT) Fax: 030-4431230-25 Unser Datenschutzbeauftragter ist zu erreichen unter: Mister Spex SE &#8211; Datenschutzbeauftragter der Mister Spex SE &#8211; Hermann-Blankenstein-Stra\u00dfe 24, 10249 Berlin E-Mail: datenschutz@misterspex.de &nbsp; 2. Zwecke [&hellip;]<\/p>\n","protected":false},"author":65,"featured_media":0,"parent":0,"menu_order":100,"comment_status":"closed","ping_status":"closed","template":"","meta":{"_acf_changed":false,"footnotes":""},"class_list":["post-8289","page","type-page","status-publish","hentry"],"acf":[],"yoast_head":"<!-- This site is optimized with the Yoast SEO plugin v27.4 - https:\/\/yoast.com\/product\/yoast-seo-wordpress\/ -->\n<title>Datenschutzerkl\u00e4rung - Mister Spex Corporate Website<\/title>\n<meta name=\"robots\" content=\"index, follow, max-snippet:-1, max-image-preview:large, max-video-preview:-1\" \/>\n<link rel=\"canonical\" href=\"https:\/\/corporate.misterspex.com\/de\/datenschutz\/\" \/>\n<meta property=\"og:locale\" content=\"de_DE\" \/>\n<meta property=\"og:type\" content=\"article\" \/>\n<meta property=\"og:title\" content=\"Datenschutzerkl\u00e4rung - Mister Spex Corporate Website\" \/>\n<meta property=\"og:description\" content=\"1. Verantwortliche Stelle Verantwortliche Stelle f\u00fcr die Verarbeitung personenbezogener Daten ist: Mister Spex SE Hermann-Blankenstein-Stra\u00dfe 24 10249 Berlin Kundenservice:\u00a0 030 325 000 50 (kostenlos in DE und AT) Fax: 030-4431230-25 Unser Datenschutzbeauftragter ist zu erreichen unter: Mister Spex SE &#8211; Datenschutzbeauftragter der Mister Spex SE &#8211; Hermann-Blankenstein-Stra\u00dfe 24, 10249 Berlin E-Mail: datenschutz@misterspex.de &nbsp; 2. Zwecke [&hellip;]\" \/>\n<meta property=\"og:url\" content=\"https:\/\/corporate.misterspex.com\/de\/datenschutz\/\" \/>\n<meta property=\"og:site_name\" content=\"Mister Spex Corporate Website\" \/>\n<meta property=\"article:modified_time\" content=\"2025-02-14T15:26:34+00:00\" \/>\n<meta name=\"twitter:card\" content=\"summary_large_image\" \/>\n<meta name=\"twitter:label1\" content=\"Gesch\u00e4tzte Lesezeit\" \/>\n\t<meta name=\"twitter:data1\" content=\"11\u00a0Minuten\" \/>\n<script type=\"application\/ld+json\" class=\"yoast-schema-graph\">{\"@context\":\"https:\\\/\\\/schema.org\",\"@graph\":[{\"@type\":\"WebPage\",\"@id\":\"https:\\\/\\\/corporate.misterspex.com\\\/de\\\/datenschutz\\\/\",\"url\":\"https:\\\/\\\/corporate.misterspex.com\\\/de\\\/datenschutz\\\/\",\"name\":\"Datenschutzerkl\u00e4rung - Mister Spex Corporate Website\",\"isPartOf\":{\"@id\":\"https:\\\/\\\/corporate.misterspex.com\\\/de\\\/#website\"},\"datePublished\":\"2018-06-13T10:16:18+00:00\",\"dateModified\":\"2025-02-14T15:26:34+00:00\",\"breadcrumb\":{\"@id\":\"https:\\\/\\\/corporate.misterspex.com\\\/de\\\/datenschutz\\\/#breadcrumb\"},\"inLanguage\":\"de\",\"potentialAction\":[{\"@type\":\"ReadAction\",\"target\":[\"https:\\\/\\\/corporate.misterspex.com\\\/de\\\/datenschutz\\\/\"]}]},{\"@type\":\"BreadcrumbList\",\"@id\":\"https:\\\/\\\/corporate.misterspex.com\\\/de\\\/datenschutz\\\/#breadcrumb\",\"itemListElement\":[{\"@type\":\"ListItem\",\"position\":1,\"name\":\"Home\",\"item\":\"https:\\\/\\\/corporate.misterspex.com\\\/de\\\/\"},{\"@type\":\"ListItem\",\"position\":2,\"name\":\"Datenschutzerkl\u00e4rung\"}]},{\"@type\":\"WebSite\",\"@id\":\"https:\\\/\\\/corporate.misterspex.com\\\/de\\\/#website\",\"url\":\"https:\\\/\\\/corporate.misterspex.com\\\/de\\\/\",\"name\":\"Mister Spex Corporate Website\",\"description\":\"Brillen-Online-Shop\",\"potentialAction\":[{\"@type\":\"SearchAction\",\"target\":{\"@type\":\"EntryPoint\",\"urlTemplate\":\"https:\\\/\\\/corporate.misterspex.com\\\/de\\\/?s={search_term_string}\"},\"query-input\":{\"@type\":\"PropertyValueSpecification\",\"valueRequired\":true,\"valueName\":\"search_term_string\"}}],\"inLanguage\":\"de\"}]}<\/script>\n<!-- \/ Yoast SEO plugin. -->","yoast_head_json":{"title":"Datenschutzerkl\u00e4rung - Mister Spex Corporate Website","robots":{"index":"index","follow":"follow","max-snippet":"max-snippet:-1","max-image-preview":"max-image-preview:large","max-video-preview":"max-video-preview:-1"},"canonical":"https:\/\/corporate.misterspex.com\/de\/datenschutz\/","og_locale":"de_DE","og_type":"article","og_title":"Datenschutzerkl\u00e4rung - Mister Spex Corporate Website","og_description":"1. Verantwortliche Stelle Verantwortliche Stelle f\u00fcr die Verarbeitung personenbezogener Daten ist: Mister Spex SE Hermann-Blankenstein-Stra\u00dfe 24 10249 Berlin Kundenservice:\u00a0 030 325 000 50 (kostenlos in DE und AT) Fax: 030-4431230-25 Unser Datenschutzbeauftragter ist zu erreichen unter: Mister Spex SE &#8211; Datenschutzbeauftragter der Mister Spex SE &#8211; Hermann-Blankenstein-Stra\u00dfe 24, 10249 Berlin E-Mail: datenschutz@misterspex.de &nbsp; 2. Zwecke [&hellip;]","og_url":"https:\/\/corporate.misterspex.com\/de\/datenschutz\/","og_site_name":"Mister Spex Corporate Website","article_modified_time":"2025-02-14T15:26:34+00:00","twitter_card":"summary_large_image","twitter_misc":{"Gesch\u00e4tzte Lesezeit":"11\u00a0Minuten"},"schema":{"@context":"https:\/\/schema.org","@graph":[{"@type":"WebPage","@id":"https:\/\/corporate.misterspex.com\/de\/datenschutz\/","url":"https:\/\/corporate.misterspex.com\/de\/datenschutz\/","name":"Datenschutzerkl\u00e4rung - Mister Spex Corporate Website","isPartOf":{"@id":"https:\/\/corporate.misterspex.com\/de\/#website"},"datePublished":"2018-06-13T10:16:18+00:00","dateModified":"2025-02-14T15:26:34+00:00","breadcrumb":{"@id":"https:\/\/corporate.misterspex.com\/de\/datenschutz\/#breadcrumb"},"inLanguage":"de","potentialAction":[{"@type":"ReadAction","target":["https:\/\/corporate.misterspex.com\/de\/datenschutz\/"]}]},{"@type":"BreadcrumbList","@id":"https:\/\/corporate.misterspex.com\/de\/datenschutz\/#breadcrumb","itemListElement":[{"@type":"ListItem","position":1,"name":"Home","item":"https:\/\/corporate.misterspex.com\/de\/"},{"@type":"ListItem","position":2,"name":"Datenschutzerkl\u00e4rung"}]},{"@type":"WebSite","@id":"https:\/\/corporate.misterspex.com\/de\/#website","url":"https:\/\/corporate.misterspex.com\/de\/","name":"Mister Spex Corporate Website","description":"Brillen-Online-Shop","potentialAction":[{"@type":"SearchAction","target":{"@type":"EntryPoint","urlTemplate":"https:\/\/corporate.misterspex.com\/de\/?s={search_term_string}"},"query-input":{"@type":"PropertyValueSpecification","valueRequired":true,"valueName":"search_term_string"}}],"inLanguage":"de"}]}},"_links":{"self":[{"href":"https:\/\/corporate.misterspex.com\/de\/wp-json\/wp\/v2\/pages\/8289","targetHints":{"allow":["GET"]}}],"collection":[{"href":"https:\/\/corporate.misterspex.com\/de\/wp-json\/wp\/v2\/pages"}],"about":[{"href":"https:\/\/corporate.misterspex.com\/de\/wp-json\/wp\/v2\/types\/page"}],"author":[{"embeddable":true,"href":"https:\/\/corporate.misterspex.com\/de\/wp-json\/wp\/v2\/users\/65"}],"replies":[{"embeddable":true,"href":"https:\/\/corporate.misterspex.com\/de\/wp-json\/wp\/v2\/comments?post=8289"}],"version-history":[{"count":6,"href":"https:\/\/corporate.misterspex.com\/de\/wp-json\/wp\/v2\/pages\/8289\/revisions"}],"predecessor-version":[{"id":31242,"href":"https:\/\/corporate.misterspex.com\/de\/wp-json\/wp\/v2\/pages\/8289\/revisions\/31242"}],"wp:attachment":[{"href":"https:\/\/corporate.misterspex.com\/de\/wp-json\/wp\/v2\/media?parent=8289"}],"curies":[{"name":"wp","href":"https:\/\/api.w.org\/{rel}","templated":true}]}}