{"id":9558,"date":"2019-10-01T11:08:41","date_gmt":"2019-10-01T09:08:41","guid":{"rendered":"https:\/\/corporate.misterspex.com\/?page_id=9558"},"modified":"2019-11-01T09:01:50","modified_gmt":"2019-11-01T08:01:50","slug":"nuernberg","status":"publish","type":"page","link":"https:\/\/corporate.misterspex.com\/de\/nuernberg\/","title":{"rendered":"Offene Stellen in N\u00fcrnberg"},"content":{"rendered":"<p><img loading=\"lazy\" decoding=\"async\" class=\"alignnone wp-image-9526 size-full\" src=\"https:\/\/corporate.misterspex.com\/wp-content\/uploads\/2019\/09\/store-header.jpg\" alt=\"Mister Spex Optiker Hamburg - Store Bild breit innen\" width=\"1942\" height=\"400\" srcset=\"https:\/\/corporate.misterspex.com\/wp-content\/uploads\/2019\/09\/store-header.jpg 1942w, https:\/\/corporate.misterspex.com\/wp-content\/uploads\/2019\/09\/store-header-848x175.jpg 848w, https:\/\/corporate.misterspex.com\/wp-content\/uploads\/2019\/09\/store-header-863x178.jpg 863w, https:\/\/corporate.misterspex.com\/wp-content\/uploads\/2019\/09\/store-header-768x158.jpg 768w, https:\/\/corporate.misterspex.com\/wp-content\/uploads\/2019\/09\/store-header-1536x316.jpg 1536w, https:\/\/corporate.misterspex.com\/wp-content\/uploads\/2019\/09\/store-header-350x72.jpg 350w, https:\/\/corporate.misterspex.com\/wp-content\/uploads\/2019\/09\/store-header-500x103.jpg 500w, https:\/\/corporate.misterspex.com\/wp-content\/uploads\/2019\/09\/store-header-1170x241.jpg 1170w, https:\/\/corporate.misterspex.com\/wp-content\/uploads\/2019\/09\/store-header-1920x395.jpg 1920w\" sizes=\"auto, (max-width: 1942px) 100vw, 1942px\" \/><\/p>\n<p>&nbsp;<\/p>\n<link rel=\"stylesheet\" href=\"https:\/\/s3-eu-west-1.amazonaws.com\/static.eu.berufo.com\/talention\/resources\/custom\/mister-spex\/remote-job-list\/app.css\">\n<tms-remote-joblist tms-filter='{\"location\": \"N\u00fcrnberg\"}'><\/tms-remote-joblist><br \/>\n<script src=\"https:\/\/s3-eu-west-1.amazonaws.com\/static.eu.berufo.com\/talention\/resources\/custom\/mister-spex\/remote-job-list\/angular.js\"><\/script><\/p>\n<p style=\"text-align: center;\">Mister Spex \u2013 So kauft man Brillen heute! Als Europas f\u00fchrender Online-Optiker haben wir eine Vision:<\/p>\n<p style=\"text-align: center;\"><strong>Become Europe&#8217;s favourite way and place to buy eyewear!! \u00a0<\/strong><\/p>\n<p style=\"text-align: center;\">Online haben wir die Optik-Branche bereits revolutioniert, jetzt bringen wir die neue Art des Brillenkaufs auch in unsere deutschlandweiten Stores. Wir bieten \u00fcber alle Kan\u00e4le hinweg eine riesige Auswahl qualitativ hochwertiger Brillen, Sonnenbrillen und Kontaktlinsen von Topmarken zu hervorragenden Konditionen.<\/p>\n<p style=\"text-align: center;\">Du bist begeistert, unseren Kunden zu zeigen, wie viel Spa\u00df der Kauf einer neuen Brille macht. Deine Leidenschaft f\u00fcr den Brillenverkauf und deine Expertise machen es unseren Kunden leicht m\u00f6glich, ihre perfekte Brille zu finden und mit Stolz zu tragen. Wir suchen noch neue Kollegen in verschiedenen Bereichen um unseren Kunden ihr \u201eMister Spex\u201c-Erlebnis in unserem N\u00fcrnberger Store zu vermitteln.<\/p>\n<p>&nbsp;<\/p>\n","protected":false},"excerpt":{"rendered":"<p>&nbsp; Mister Spex \u2013 So kauft man Brillen heute! Als Europas f\u00fchrender Online-Optiker haben wir eine Vision: Become Europe&#8217;s favourite way and place to buy eyewear!! \u00a0 Online haben wir die Optik-Branche bereits revolutioniert, jetzt bringen wir die neue Art des Brillenkaufs auch in unsere deutschlandweiten Stores. Wir bieten \u00fcber alle Kan\u00e4le hinweg eine riesige [&hellip;]<\/p>\n","protected":false},"author":65,"featured_media":0,"parent":0,"menu_order":112,"comment_status":"closed","ping_status":"closed","template":"","meta":{"_acf_changed":false,"footnotes":""},"class_list":["post-9558","page","type-page","status-publish","hentry"],"acf":[],"yoast_head":"<!-- This site is optimized with the Yoast SEO plugin v27.3 - https:\/\/yoast.com\/product\/yoast-seo-wordpress\/ -->\n<title>Offene Stellen in N\u00fcrnberg - Mister Spex Corporate Website<\/title>\n<meta name=\"robots\" content=\"index, follow, max-snippet:-1, max-image-preview:large, max-video-preview:-1\" \/>\n<link rel=\"canonical\" href=\"https:\/\/corporate.misterspex.com\/de\/nuernberg\/\" \/>\n<meta property=\"og:locale\" content=\"de_DE\" \/>\n<meta property=\"og:type\" content=\"article\" \/>\n<meta property=\"og:title\" content=\"Offene Stellen in N\u00fcrnberg - Mister Spex Corporate Website\" \/>\n<meta property=\"og:description\" content=\"&nbsp; Mister Spex \u2013 So kauft man Brillen heute! Als Europas f\u00fchrender Online-Optiker haben wir eine Vision: Become Europe&#8217;s favourite way and place to buy eyewear!! \u00a0 Online haben wir die Optik-Branche bereits revolutioniert, jetzt bringen wir die neue Art des Brillenkaufs auch in unsere deutschlandweiten Stores. Wir bieten \u00fcber alle Kan\u00e4le hinweg eine riesige [&hellip;]\" \/>\n<meta property=\"og:url\" content=\"https:\/\/corporate.misterspex.com\/de\/nuernberg\/\" \/>\n<meta property=\"og:site_name\" content=\"Mister Spex Corporate Website\" \/>\n<meta property=\"article:modified_time\" content=\"2019-11-01T08:01:50+00:00\" \/>\n<meta property=\"og:image\" content=\"https:\/\/corporate.misterspex.com\/wp-content\/uploads\/2019\/09\/store-header.jpg\" \/>\n<meta name=\"twitter:card\" content=\"summary_large_image\" \/>\n<meta name=\"twitter:label1\" content=\"Gesch\u00e4tzte Lesezeit\" \/>\n\t<meta name=\"twitter:data1\" content=\"1\u00a0Minute\" \/>\n<script type=\"application\/ld+json\" class=\"yoast-schema-graph\">{\"@context\":\"https:\\\/\\\/schema.org\",\"@graph\":[{\"@type\":\"WebPage\",\"@id\":\"https:\\\/\\\/corporate.misterspex.com\\\/de\\\/nuernberg\\\/\",\"url\":\"https:\\\/\\\/corporate.misterspex.com\\\/de\\\/nuernberg\\\/\",\"name\":\"Offene Stellen in N\u00fcrnberg - Mister Spex Corporate Website\",\"isPartOf\":{\"@id\":\"https:\\\/\\\/corporate.misterspex.com\\\/de\\\/#website\"},\"primaryImageOfPage\":{\"@id\":\"https:\\\/\\\/corporate.misterspex.com\\\/de\\\/nuernberg\\\/#primaryimage\"},\"image\":{\"@id\":\"https:\\\/\\\/corporate.misterspex.com\\\/de\\\/nuernberg\\\/#primaryimage\"},\"thumbnailUrl\":\"https:\\\/\\\/corporate.misterspex.com\\\/wp-content\\\/uploads\\\/2019\\\/09\\\/store-header.jpg\",\"datePublished\":\"2019-10-01T09:08:41+00:00\",\"dateModified\":\"2019-11-01T08:01:50+00:00\",\"breadcrumb\":{\"@id\":\"https:\\\/\\\/corporate.misterspex.com\\\/de\\\/nuernberg\\\/#breadcrumb\"},\"inLanguage\":\"de\",\"potentialAction\":[{\"@type\":\"ReadAction\",\"target\":[\"https:\\\/\\\/corporate.misterspex.com\\\/de\\\/nuernberg\\\/\"]}]},{\"@type\":\"ImageObject\",\"inLanguage\":\"de\",\"@id\":\"https:\\\/\\\/corporate.misterspex.com\\\/de\\\/nuernberg\\\/#primaryimage\",\"url\":\"https:\\\/\\\/corporate.misterspex.com\\\/wp-content\\\/uploads\\\/2019\\\/09\\\/store-header.jpg\",\"contentUrl\":\"https:\\\/\\\/corporate.misterspex.com\\\/wp-content\\\/uploads\\\/2019\\\/09\\\/store-header.jpg\"},{\"@type\":\"BreadcrumbList\",\"@id\":\"https:\\\/\\\/corporate.misterspex.com\\\/de\\\/nuernberg\\\/#breadcrumb\",\"itemListElement\":[{\"@type\":\"ListItem\",\"position\":1,\"name\":\"Home\",\"item\":\"https:\\\/\\\/corporate.misterspex.com\\\/de\\\/\"},{\"@type\":\"ListItem\",\"position\":2,\"name\":\"Offene Stellen in N\u00fcrnberg\"}]},{\"@type\":\"WebSite\",\"@id\":\"https:\\\/\\\/corporate.misterspex.com\\\/de\\\/#website\",\"url\":\"https:\\\/\\\/corporate.misterspex.com\\\/de\\\/\",\"name\":\"Mister Spex Corporate Website\",\"description\":\"Brillen-Online-Shop\",\"potentialAction\":[{\"@type\":\"SearchAction\",\"target\":{\"@type\":\"EntryPoint\",\"urlTemplate\":\"https:\\\/\\\/corporate.misterspex.com\\\/de\\\/?s={search_term_string}\"},\"query-input\":{\"@type\":\"PropertyValueSpecification\",\"valueRequired\":true,\"valueName\":\"search_term_string\"}}],\"inLanguage\":\"de\"}]}<\/script>\n<!-- \/ Yoast SEO plugin. -->","yoast_head_json":{"title":"Offene Stellen in N\u00fcrnberg - Mister Spex Corporate Website","robots":{"index":"index","follow":"follow","max-snippet":"max-snippet:-1","max-image-preview":"max-image-preview:large","max-video-preview":"max-video-preview:-1"},"canonical":"https:\/\/corporate.misterspex.com\/de\/nuernberg\/","og_locale":"de_DE","og_type":"article","og_title":"Offene Stellen in N\u00fcrnberg - Mister Spex Corporate Website","og_description":"&nbsp; Mister Spex \u2013 So kauft man Brillen heute! Als Europas f\u00fchrender Online-Optiker haben wir eine Vision: Become Europe&#8217;s favourite way and place to buy eyewear!! \u00a0 Online haben wir die Optik-Branche bereits revolutioniert, jetzt bringen wir die neue Art des Brillenkaufs auch in unsere deutschlandweiten Stores. Wir bieten \u00fcber alle Kan\u00e4le hinweg eine riesige [&hellip;]","og_url":"https:\/\/corporate.misterspex.com\/de\/nuernberg\/","og_site_name":"Mister Spex Corporate Website","article_modified_time":"2019-11-01T08:01:50+00:00","og_image":[{"url":"https:\/\/corporate.misterspex.com\/wp-content\/uploads\/2019\/09\/store-header.jpg","type":"","width":"","height":""}],"twitter_card":"summary_large_image","twitter_misc":{"Gesch\u00e4tzte Lesezeit":"1\u00a0Minute"},"schema":{"@context":"https:\/\/schema.org","@graph":[{"@type":"WebPage","@id":"https:\/\/corporate.misterspex.com\/de\/nuernberg\/","url":"https:\/\/corporate.misterspex.com\/de\/nuernberg\/","name":"Offene Stellen in N\u00fcrnberg - Mister Spex Corporate Website","isPartOf":{"@id":"https:\/\/corporate.misterspex.com\/de\/#website"},"primaryImageOfPage":{"@id":"https:\/\/corporate.misterspex.com\/de\/nuernberg\/#primaryimage"},"image":{"@id":"https:\/\/corporate.misterspex.com\/de\/nuernberg\/#primaryimage"},"thumbnailUrl":"https:\/\/corporate.misterspex.com\/wp-content\/uploads\/2019\/09\/store-header.jpg","datePublished":"2019-10-01T09:08:41+00:00","dateModified":"2019-11-01T08:01:50+00:00","breadcrumb":{"@id":"https:\/\/corporate.misterspex.com\/de\/nuernberg\/#breadcrumb"},"inLanguage":"de","potentialAction":[{"@type":"ReadAction","target":["https:\/\/corporate.misterspex.com\/de\/nuernberg\/"]}]},{"@type":"ImageObject","inLanguage":"de","@id":"https:\/\/corporate.misterspex.com\/de\/nuernberg\/#primaryimage","url":"https:\/\/corporate.misterspex.com\/wp-content\/uploads\/2019\/09\/store-header.jpg","contentUrl":"https:\/\/corporate.misterspex.com\/wp-content\/uploads\/2019\/09\/store-header.jpg"},{"@type":"BreadcrumbList","@id":"https:\/\/corporate.misterspex.com\/de\/nuernberg\/#breadcrumb","itemListElement":[{"@type":"ListItem","position":1,"name":"Home","item":"https:\/\/corporate.misterspex.com\/de\/"},{"@type":"ListItem","position":2,"name":"Offene Stellen in N\u00fcrnberg"}]},{"@type":"WebSite","@id":"https:\/\/corporate.misterspex.com\/de\/#website","url":"https:\/\/corporate.misterspex.com\/de\/","name":"Mister Spex Corporate Website","description":"Brillen-Online-Shop","potentialAction":[{"@type":"SearchAction","target":{"@type":"EntryPoint","urlTemplate":"https:\/\/corporate.misterspex.com\/de\/?s={search_term_string}"},"query-input":{"@type":"PropertyValueSpecification","valueRequired":true,"valueName":"search_term_string"}}],"inLanguage":"de"}]}},"_links":{"self":[{"href":"https:\/\/corporate.misterspex.com\/de\/wp-json\/wp\/v2\/pages\/9558","targetHints":{"allow":["GET"]}}],"collection":[{"href":"https:\/\/corporate.misterspex.com\/de\/wp-json\/wp\/v2\/pages"}],"about":[{"href":"https:\/\/corporate.misterspex.com\/de\/wp-json\/wp\/v2\/types\/page"}],"author":[{"embeddable":true,"href":"https:\/\/corporate.misterspex.com\/de\/wp-json\/wp\/v2\/users\/65"}],"replies":[{"embeddable":true,"href":"https:\/\/corporate.misterspex.com\/de\/wp-json\/wp\/v2\/comments?post=9558"}],"version-history":[{"count":5,"href":"https:\/\/corporate.misterspex.com\/de\/wp-json\/wp\/v2\/pages\/9558\/revisions"}],"predecessor-version":[{"id":9717,"href":"https:\/\/corporate.misterspex.com\/de\/wp-json\/wp\/v2\/pages\/9558\/revisions\/9717"}],"wp:attachment":[{"href":"https:\/\/corporate.misterspex.com\/de\/wp-json\/wp\/v2\/media?parent=9558"}],"curies":[{"name":"wp","href":"https:\/\/api.w.org\/{rel}","templated":true}]}}